{"id":27141,"date":"2016-09-28T09:08:55","date_gmt":"2016-09-28T02:08:55","guid":{"rendered":"https:\/\/www.idealhotel.it\/home-2\/"},"modified":"2016-09-28T09:08:55","modified_gmt":"2016-09-28T02:08:55","slug":"home-2","status":"publish","type":"page","link":"https:\/\/www.idealhotel.it\/en\/","title":{"rendered":"Home"},"content":{"rendered":"<div class=\"wpb-content-wrapper\"><p>[vc_row el_class=&#8221;home3-slider&#8221;][vc_column][rev_slider_vc alias=&#8221;home-31&#8243;][\/vc_column][\/vc_row][vc_row full_width=&#8221;stretch_row_content&#8221; css=&#8221;.vc_custom_1712877986387{background-image: url(https:\/\/www.idealhotel.it\/wp-content\/uploads\/2024\/04\/ideal-boutique-hotel-ischia-background.jpg?id=26699) !important;background-position: center !important;background-repeat: no-repeat !important;background-size: cover !important;}&#8221; el_class=&#8221;thim-home-introduce&#8221;][vc_column width=&#8221;1\/2&#8243; el_class=&#8221;introduce-banner&#8221;][vc_single_image image=&#8221;26714&#8243; img_size=&#8221;full&#8221; alignment=&#8221;right&#8221;][\/vc_column][vc_column width=&#8221;1\/2&#8243; el_class=&#8221;home3-introduce-heading&#8221;][vc_custom_heading text=&#8221;Ospitalit\u00e0 ed esperienze intense&#8221; font_container=&#8221;tag:h1|text_align:left|color:%23009a98&#8243; google_fonts=&#8221;font_family:Didact%20Gothic%3Aregular|font_style:400%20regular%3A400%3Anormal&#8221;][vc_column_text]<span style=\"color: #333333;\">Negli anni abbiamo costituito un gruppo affiatato, appassionato e per il quale l\u2019ospitalit\u00e0 viene prima di ogni altra cosa. Siamo certi che ospitalit\u00e0 e qualit\u00e0 sono sinonimi della buona ricettivit\u00e0 ed \u00e8 proprio in questa direzione che profondiamo tutti i nostri sforzi, cercando costantemente nuove formule ed esperienze da offrire ai nostri ospiti affinch\u00e9 ogni singolo soggiorno sia la vacanza ideale.<\/span>[\/vc_column_text][vc_btn title=&#8221;I NOSTRI SERVIZI&#8221; style=&#8221;custom&#8221; custom_background=&#8221;#009a9b&#8221; custom_text=&#8221;#ffffff&#8221; shape=&#8221;square&#8221; size=&#8221;lg&#8221; align=&#8221;left&#8221; css_animation=&#8221;bounceIn&#8221; link=&#8221;url:https%3A%2F%2Fwww.idealhotel.it%2Fservizi%2F|title:SERVIZI&#8221;][\/vc_column][\/vc_row][vc_row full_width=&#8221;stretch_row_content_no_spaces&#8221; el_class=&#8221;home3-video thim-home3-video&#8221;][vc_column][vc_single_image image=&#8221;26727&#8243; img_size=&#8221;100&#215;100&#8243; alignment=&#8221;center&#8221; el_class=&#8221;icon-img&#8221;]<div class=\"vc-extral_class wpb_animate_when_almost_visible wpb_bounceIn bounceIn\"><div class=\"thim-widget-video template-default\"><div class=\"thim-sc-video\">\n    <div class=\"background-video\" data-auto-play=\"true\">\n        <div class=\"cover-image\" style=\"background-image: url()\"><\/div>\n        <div class=\"icons\">\n            <h3 class=\"title\">Boutique Hotel Ideal<\/h3>\n            <i class=\"video-play fa fa-play\"><\/i><span class=\"text-icon\">Play<\/span>\n        <\/div>\n        <video loop muted class=\"full-screen-video\"\n            data-autoplay=\"muted\">\n            <source src=\"https:\/\/www.idealhotel.it\/wp-content\/uploads\/2024\/04\/boutique-hotel-ideal-ischia.mp4\" type=\"video\/mp4\">\n        <\/video>\n    <\/div>\n<\/div><\/div><\/div>[\/vc_column][\/vc_row][vc_row full_width=&#8221;stretch_row_content&#8221; css=&#8221;.vc_custom_1713049452814{background-position: center !important;background-repeat: no-repeat !important;background-size: cover !important;}&#8221; el_class=&#8221;thim-home-introduce&#8221;][vc_column width=&#8221;1\/2&#8243; el_class=&#8221;introduce-banner&#8221;][vc_images_carousel images=&#8221;26770,26773,26776,26779,26782,26785&#8243; img_size=&#8221;full&#8221; onclick=&#8221;link_no&#8221; slides_per_view=&#8221;2&#8243; hide_pagination_control=&#8221;yes&#8221;][\/vc_column][vc_column width=&#8221;1\/2&#8243; el_class=&#8221;home3-introduce-heading&#8221;][vc_custom_heading text=&#8221;Le camere del Boutique Hotel Ideal&#8221; font_container=&#8221;tag:h1|text_align:left|color:%23009a98&#8243; google_fonts=&#8221;font_family:Didact%20Gothic%3Aregular|font_style:400%20regular%3A400%3Anormal&#8221;][vc_column_text]Le viste mozzafiato del paesaggio invitano i nostri ospiti a immergersi nella bellezza della natura o nella poesia del mare dell&#8217;Isola d&#8217;Ischia. Che si tratti di una camera con vista sul mare o di un&#8217;affascinante veduta del giardino, ogni panorama \u00e8 un invito a esplorare e scoprire le sensazioni di benessere e di relax tipici di Ischia.[\/vc_column_text][\/vc_column][\/vc_row][vc_row full_width=&#8221;stretch_row_content&#8221; content_placement=&#8221;middle&#8221; css=&#8221;.vc_custom_1713185816496{background-image: url(https:\/\/www.idealhotel.it\/wp-content\/uploads\/2024\/04\/ideal-boutique-hotel-ischia-offer-background.jpg?id=26809) !important;background-position: center !important;background-repeat: no-repeat !important;background-size: cover !important;}&#8221; el_class=&#8221;thim-home-introduce&#8221;][vc_column width=&#8221;1\/2&#8243; el_class=&#8221;introduce-banner&#8221;][vc_single_image image=&#8221;26907&#8243; img_size=&#8221;full&#8221; alignment=&#8221;right&#8221;][\/vc_column][vc_column width=&#8221;1\/2&#8243; el_class=&#8221;home3-introduce-heading&#8221;][vc_single_image image=&#8221;26727&#8243; alignment=&#8221;center&#8221;][vc_custom_heading text=&#8221;Benessere 360&#8243; font_container=&#8221;tag:h1|text_align:center|color:%23ffffff&#8221; google_fonts=&#8221;font_family:Didact%20Gothic%3Aregular|font_style:400%20regular%3A400%3Anormal&#8221;][vc_column_text]<\/p>\n<h3 style=\"text-align: center;\"><span style=\"color: #ffffff;\">L&#8217;Offerta di Aprile &amp; Maggio dedicata agli amanti del relax<\/span><\/h3>\n<p>[\/vc_column_text][vc_btn title=&#8221;PRENOTA ORA&#8221; style=&#8221;custom&#8221; custom_background=&#8221;#ffffff&#8221; custom_text=&#8221;#009a9b&#8221; shape=&#8221;square&#8221; size=&#8221;lg&#8221; align=&#8221;center&#8221; css_animation=&#8221;bounceIn&#8221; link=&#8221;url:https%3A%2F%2Fhotelideal.beddy.io%3Flang%3Dit|title:Prenota&#8221;][\/vc_column][\/vc_row][vc_row full_width=&#8221;stretch_row_content&#8221; css=&#8221;.vc_custom_1713049460374{background-position: center !important;background-repeat: no-repeat !important;background-size: cover !important;}&#8221; el_class=&#8221;thim-home-introduce&#8221;][vc_column width=&#8221;1\/2&#8243; el_class=&#8221;introduce-banner&#8221;][vc_images_carousel images=&#8221;26864,26873,26879,26870,26876,26867&#8243; img_size=&#8221;full&#8221; onclick=&#8221;link_no&#8221; slides_per_view=&#8221;2&#8243; hide_pagination_control=&#8221;yes&#8221;][\/vc_column][vc_column width=&#8221;1\/2&#8243; el_class=&#8221;home3-introduce-heading&#8221;][vc_custom_heading text=&#8221;Giardino &amp; Piscine&#8221; font_container=&#8221;tag:h1|text_align:left|color:%23009a98&#8243; google_fonts=&#8221;font_family:Didact%20Gothic%3Aregular|font_style:400%20regular%3A400%3Anormal&#8221;][vc_column_text]<span style=\"font-weight: 400;\">Confessiamo il nostro smodato amore per la natura, amore che abbiamo concretizzato nella realizzazione del nostro giardino, segno tangibile che la bellezza \u00e8 ovunque e che con sforzo e sacrificio restituisce fiori e frutti dall\u2019inestimabile suggestione.\u00a0 Passeggiando lungo le stradine del giardino fino alle piscine ci si immerge nella biodiversit\u00e0, apprezzando ogni singola sfumatura della fioritura mediterranea: caratteristiche che desideriamo curare meticolosamente e mettere al servizio della pace e della bellezza.<\/span>[\/vc_column_text][vc_btn title=&#8221;SCOPRI DI PIU'&#8221; style=&#8221;custom&#8221; custom_background=&#8221;#009a9b&#8221; custom_text=&#8221;#ffffff&#8221; shape=&#8221;square&#8221; size=&#8221;lg&#8221; align=&#8221;left&#8221; css_animation=&#8221;bounceIn&#8221; link=&#8221;url:https%3A%2F%2Fwww.idealhotel.it%2Fgiardini-e-piscine%2F|title:SCOPRI&#8221;][\/vc_column][\/vc_row][vc_row full_width=&#8221;stretch_row_content&#8221; css=&#8221;.vc_custom_1713050878528{background-color: #f7f7f7 !important;background-position: center !important;background-repeat: no-repeat !important;background-size: cover !important;}&#8221; el_class=&#8221;thim-home-introduce&#8221;][vc_column width=&#8221;1\/2&#8243; el_class=&#8221;introduce-banner&#8221;][vc_single_image image=&#8221;26896&#8243; img_size=&#8221;full&#8221; alignment=&#8221;right&#8221;][\/vc_column][vc_column width=&#8221;1\/2&#8243; el_class=&#8221;home3-introduce-heading&#8221;][vc_custom_heading text=&#8221;Perch\u00e9 scegliere il Boutique Hotel Ideal&#8221; font_container=&#8221;tag:h1|text_align:left|color:%23009a98&#8243; google_fonts=&#8221;font_family:Didact%20Gothic%3Aregular|font_style:400%20regular%3A400%3Anormal&#8221;][vc_column_text]<\/p>\n<h3 style=\"text-align: left;\">Le recensioni dei nostri ospiti<\/h3>\n<p>[\/vc_column_text][vc_column_text]<\/p>\n<p style=\"text-align: left;\">Crediamo fortemente nella percezione di chi sceglie il Boutique Hotel Ideal per la propria vacanza, elemento che ci rende fieri di essere ogni anno la scelta di migliaia di ospiti ai quali desideriamo offrire il meglio della nostra professionalit\u00e0 e le emozioni di un soggiorno indimenticabile.<\/p>\n<p>[\/vc_column_text][\/vc_column][\/vc_row][vc_row full_width=&#8221;stretch_row_content&#8221; content_placement=&#8221;middle&#8221; css=&#8221;.vc_custom_1713050892582{background-color: #f7f7f7 !important;background-position: center !important;background-repeat: no-repeat !important;background-size: cover !important;}&#8221;][vc_column][vc_raw_html]JTVCZ3J3JTIwaWQlM0QyNjc5MCU1RA==[\/vc_raw_html][\/vc_column][\/vc_row][vc_row][vc_column][vc_raw_js]JTNDc2NyaXB0JTIwY2hhcnNldCUzRCUyMlVURi04JTIyJTIwZGVmZXIlMjBzcmMlM0QlMjJodHRwcyUzQSUyRiUyRmNkbi5iZWRkeS5pbyUyRmJvbC12MiUyRnByb2QlMkZiZWRkeS1iYXItd2ViLWNvbXBvbmVudC5qcyUyMiUzRSUzQyUyRnNjcmlwdCUzRSUzQ2JlZGR5LWJhciUyMGxhbmclM0QlMjJpdCUyMiUyMHdpZGdldGNvZGUlM0QlMjI2MmVmMTY4ZDdkNTMyJTIyJTNFJTNDJTJGYmVkZHktYmFyJTNF[\/vc_raw_js][\/vc_column][\/vc_row]<\/p>\n<\/div>","protected":false},"excerpt":{"rendered":"<p>[vc_row el_class=&#8221;home3-slider&#8221;][vc_column][rev_slider_vc alias=&#8221;home-31&#8243;][\/vc_column][\/vc_row][vc_row full_width=&#8221;stretch_row_content&#8221; css=&#8221;.vc_custom_1712877986387{background-image: url(https:\/\/www.idealhotel.it\/wp-content\/uploads\/2024\/04\/ideal-boutique-hotel-ischia-background.jpg?id=26699) !important;background-position: center !important;background-repeat: no-repeat !important;background-size: cover !important;}&#8221; el_class=&#8221;thim-home-introduce&#8221;][vc_column width=&#8221;1\/2&#8243; el_class=&#8221;introduce-banner&#8221;][vc_single_image image=&#8221;26714&#8243; img_size=&#8221;full&#8221; alignment=&#8221;right&#8221;][\/vc_column][vc_column width=&#8221;1\/2&#8243; el_class=&#8221;home3-introduce-heading&#8221;][vc_custom_heading text=&#8221;Ospitalit\u00e0 ed esperienze intense&#8221; font_container=&#8221;tag:h1|text_align:left|color:%23009a98&#8243; google_fonts=&#8221;font_family:Didact%20Gothic%3Aregular|font_style:400%20regular%3A400%3Anormal&#8221;][vc_column_text]Negli anni abbiamo costituito un gruppo affiatato, appassionato e per il quale l\u2019ospitalit\u00e0 viene prima di ogni altra cosa. Siamo certi che ospitalit\u00e0 e&#8230;<\/p>\n","protected":false},"author":2,"featured_media":0,"parent":0,"menu_order":0,"comment_status":"closed","ping_status":"closed","template":"templates\/home-page.php","meta":{"_themeisle_gutenberg_block_has_review":false,"footnotes":""},"class_list":["post-27141","page","type-page","status-publish","hentry"],"yoast_head":"<!-- This site is optimized with the Yoast SEO Premium plugin v22.7 (Yoast SEO v26.2) - https:\/\/yoast.com\/wordpress\/plugins\/seo\/ -->\n<title>Home - Boutique Hotel Ideal<\/title>\n<meta name=\"robots\" content=\"index, follow, max-snippet:-1, max-image-preview:large, max-video-preview:-1\" \/>\n<link rel=\"canonical\" href=\"https:\/\/www.idealhotel.it\/en\/home-2\/\" \/>\n<meta property=\"og:locale\" content=\"en_US\" \/>\n<meta property=\"og:type\" content=\"article\" \/>\n<meta property=\"og:title\" content=\"Home\" \/>\n<meta property=\"og:description\" content=\"[vc_row el_class=&#8221;home3-slider&#8221;][vc_column][rev_slider_vc alias=&#8221;home-31&#8243;][\/vc_column][\/vc_row][vc_row full_width=&#8221;stretch_row_content&#8221; css=&#8221;.vc_custom_1712877986387{background-image: url(https:\/\/www.idealhotel.it\/wp-content\/uploads\/2024\/04\/ideal-boutique-hotel-ischia-background.jpg?id=26699) !important;background-position: center !important;background-repeat: no-repeat !important;background-size: cover !important;}&#8221; el_class=&#8221;thim-home-introduce&#8221;][vc_column width=&#8221;1\/2&#8243; el_class=&#8221;introduce-banner&#8221;][vc_single_image image=&#8221;26714&#8243; img_size=&#8221;full&#8221; alignment=&#8221;right&#8221;][\/vc_column][vc_column width=&#8221;1\/2&#8243; el_class=&#8221;home3-introduce-heading&#8221;][vc_custom_heading text=&#8221;Ospitalit\u00e0 ed esperienze intense&#8221; font_container=&#8221;tag:h1|text_align:left|color:%23009a98&#8243; google_fonts=&#8221;font_family:Didact%20Gothic%3Aregular|font_style:400%20regular%3A400%3Anormal&#8221;][vc_column_text]Negli anni abbiamo costituito un gruppo affiatato, appassionato e per il quale l\u2019ospitalit\u00e0 viene prima di ogni altra cosa. Siamo certi che ospitalit\u00e0 e...\" \/>\n<meta property=\"og:url\" content=\"https:\/\/www.idealhotel.it\/en\/home-2\/\" \/>\n<meta property=\"og:site_name\" content=\"Boutique Hotel Ideal\" \/>\n<meta property=\"article:publisher\" content=\"https:\/\/www.facebook.com\/hotelidealischia\" \/>\n<meta name=\"twitter:card\" content=\"summary_large_image\" \/>\n<meta name=\"twitter:site\" content=\"@IdealIschia\" \/>\n<meta name=\"twitter:label1\" content=\"Est. reading time\" \/>\n\t<meta name=\"twitter:data1\" content=\"5 minutes\" \/>\n<script type=\"application\/ld+json\" class=\"yoast-schema-graph\">{\"@context\":\"https:\/\/schema.org\",\"@graph\":[{\"@type\":\"WebPage\",\"@id\":\"https:\/\/www.idealhotel.it\/en\/home-2\/\",\"url\":\"https:\/\/www.idealhotel.it\/en\/home-2\/\",\"name\":\"Home - Boutique Hotel Ideal\",\"isPartOf\":{\"@id\":\"https:\/\/www.idealhotel.it\/#website\"},\"datePublished\":\"2016-09-28T02:08:55+00:00\",\"breadcrumb\":{\"@id\":\"https:\/\/www.idealhotel.it\/en\/home-2\/#breadcrumb\"},\"inLanguage\":\"en-US\",\"potentialAction\":[{\"@type\":\"ReadAction\",\"target\":[\"https:\/\/www.idealhotel.it\/en\/home-2\/\"]}]},{\"@type\":\"BreadcrumbList\",\"@id\":\"https:\/\/www.idealhotel.it\/en\/home-2\/#breadcrumb\",\"itemListElement\":[{\"@type\":\"ListItem\",\"position\":1,\"name\":\"Home\",\"item\":\"https:\/\/www.idealhotel.it\/en\/home-2\/\"},{\"@type\":\"ListItem\",\"position\":2,\"name\":\"Home\"}]},{\"@type\":\"WebSite\",\"@id\":\"https:\/\/www.idealhotel.it\/#website\",\"url\":\"https:\/\/www.idealhotel.it\/\",\"name\":\"Boutique Hotel Ideal\",\"description\":\"hotel sul mare per la tua vacanza ideale a Ischia\",\"potentialAction\":[{\"@type\":\"SearchAction\",\"target\":{\"@type\":\"EntryPoint\",\"urlTemplate\":\"https:\/\/www.idealhotel.it\/?s={search_term_string}\"},\"query-input\":{\"@type\":\"PropertyValueSpecification\",\"valueRequired\":true,\"valueName\":\"search_term_string\"}}],\"inLanguage\":\"en-US\"}]}<\/script>\n<!-- \/ Yoast SEO Premium plugin. -->","yoast_head_json":{"title":"Home - Boutique Hotel Ideal","robots":{"index":"index","follow":"follow","max-snippet":"max-snippet:-1","max-image-preview":"max-image-preview:large","max-video-preview":"max-video-preview:-1"},"canonical":"https:\/\/www.idealhotel.it\/en\/home-2\/","og_locale":"en_US","og_type":"article","og_title":"Home","og_description":"[vc_row el_class=&#8221;home3-slider&#8221;][vc_column][rev_slider_vc alias=&#8221;home-31&#8243;][\/vc_column][\/vc_row][vc_row full_width=&#8221;stretch_row_content&#8221; css=&#8221;.vc_custom_1712877986387{background-image: url(https:\/\/www.idealhotel.it\/wp-content\/uploads\/2024\/04\/ideal-boutique-hotel-ischia-background.jpg?id=26699) !important;background-position: center !important;background-repeat: no-repeat !important;background-size: cover !important;}&#8221; el_class=&#8221;thim-home-introduce&#8221;][vc_column width=&#8221;1\/2&#8243; el_class=&#8221;introduce-banner&#8221;][vc_single_image image=&#8221;26714&#8243; img_size=&#8221;full&#8221; alignment=&#8221;right&#8221;][\/vc_column][vc_column width=&#8221;1\/2&#8243; el_class=&#8221;home3-introduce-heading&#8221;][vc_custom_heading text=&#8221;Ospitalit\u00e0 ed esperienze intense&#8221; font_container=&#8221;tag:h1|text_align:left|color:%23009a98&#8243; google_fonts=&#8221;font_family:Didact%20Gothic%3Aregular|font_style:400%20regular%3A400%3Anormal&#8221;][vc_column_text]Negli anni abbiamo costituito un gruppo affiatato, appassionato e per il quale l\u2019ospitalit\u00e0 viene prima di ogni altra cosa. Siamo certi che ospitalit\u00e0 e...","og_url":"https:\/\/www.idealhotel.it\/en\/home-2\/","og_site_name":"Boutique Hotel Ideal","article_publisher":"https:\/\/www.facebook.com\/hotelidealischia","twitter_card":"summary_large_image","twitter_site":"@IdealIschia","twitter_misc":{"Est. reading time":"5 minutes"},"schema":{"@context":"https:\/\/schema.org","@graph":[{"@type":"WebPage","@id":"https:\/\/www.idealhotel.it\/en\/home-2\/","url":"https:\/\/www.idealhotel.it\/en\/home-2\/","name":"Home - Boutique Hotel Ideal","isPartOf":{"@id":"https:\/\/www.idealhotel.it\/#website"},"datePublished":"2016-09-28T02:08:55+00:00","breadcrumb":{"@id":"https:\/\/www.idealhotel.it\/en\/home-2\/#breadcrumb"},"inLanguage":"en-US","potentialAction":[{"@type":"ReadAction","target":["https:\/\/www.idealhotel.it\/en\/home-2\/"]}]},{"@type":"BreadcrumbList","@id":"https:\/\/www.idealhotel.it\/en\/home-2\/#breadcrumb","itemListElement":[{"@type":"ListItem","position":1,"name":"Home","item":"https:\/\/www.idealhotel.it\/en\/home-2\/"},{"@type":"ListItem","position":2,"name":"Home"}]},{"@type":"WebSite","@id":"https:\/\/www.idealhotel.it\/#website","url":"https:\/\/www.idealhotel.it\/","name":"Boutique Hotel Ideal","description":"hotel sul mare per la tua vacanza ideale a Ischia","potentialAction":[{"@type":"SearchAction","target":{"@type":"EntryPoint","urlTemplate":"https:\/\/www.idealhotel.it\/?s={search_term_string}"},"query-input":{"@type":"PropertyValueSpecification","valueRequired":true,"valueName":"search_term_string"}}],"inLanguage":"en-US"}]}},"_links":{"self":[{"href":"https:\/\/www.idealhotel.it\/en\/wp-json\/wp\/v2\/pages\/27141","targetHints":{"allow":["GET"]}}],"collection":[{"href":"https:\/\/www.idealhotel.it\/en\/wp-json\/wp\/v2\/pages"}],"about":[{"href":"https:\/\/www.idealhotel.it\/en\/wp-json\/wp\/v2\/types\/page"}],"author":[{"embeddable":true,"href":"https:\/\/www.idealhotel.it\/en\/wp-json\/wp\/v2\/users\/2"}],"replies":[{"embeddable":true,"href":"https:\/\/www.idealhotel.it\/en\/wp-json\/wp\/v2\/comments?post=27141"}],"version-history":[{"count":0,"href":"https:\/\/www.idealhotel.it\/en\/wp-json\/wp\/v2\/pages\/27141\/revisions"}],"wp:attachment":[{"href":"https:\/\/www.idealhotel.it\/en\/wp-json\/wp\/v2\/media?parent=27141"}],"curies":[{"name":"wp","href":"https:\/\/api.w.org\/{rel}","templated":true}]}}