{"id":949,"date":"2018-03-21T16:23:14","date_gmt":"2018-03-21T15:23:14","guid":{"rendered":"http:\/\/www.idealhotel.it\/restaurant\/"},"modified":"2019-09-17T02:52:05","modified_gmt":"2019-09-17T00:52:05","slug":"auszeichnungen","status":"publish","type":"page","link":"https:\/\/www.idealhotel.it\/de\/auszeichnungen\/","title":{"rendered":"Auszeichnungen"},"content":{"rendered":"<div class=\"wpb-content-wrapper\"><p>[vc_row full_width=&#8221;stretch_row&#8221; row_padding_bottom=&#8221;padding_bottom_none&#8221;][vc_column][plethora_headinggroup subtitle=&#8221;Italienische Exzellenz&#8221; background_title=&#8221;IDEAL&#8221; divider=&#8221;1&#8243;]<\/p>\n<h2>IDEAL AUSZEICHNUNGEN<\/h2>\n<p>[\/plethora_headinggroup][\/vc_column][\/vc_row][vc_row row_padding_top=&#8221;padding_top_none&#8221; row_padding_bottom=&#8221;padding_bottom_1-4&#8243;][vc_column width=&#8221;1\/4&#8243;][\/vc_column][vc_column width=&#8221;1\/2&#8243;][vc_column_text]<\/p>\n<p style=\"text-align: center;\">Unsere Mission ist es, ein H\u00f6chstma\u00df an Engagement und Engagement f\u00fcr die G\u00e4stebetreuung zu bieten. Gastfreundschaft, an die wir zutiefst glauben und die wir in Exzellenz verwandeln m\u00f6chten. Die st\u00e4ndige Arbeit vor Ort, die von den gro\u00dfartigen digitalen Plattformen unterst\u00fctzt wird, ist f\u00fcr uns eine Quelle des Stolzes und wir zeigen es unseren G\u00e4sten oder zuk\u00fcnftigen Kunden in der Hoffnung, Feedback zu erhalten, das uns dabei hilft, uns immer weiter zu verbessern.<\/p>\n<p>[\/vc_column_text][\/vc_column][vc_column width=&#8221;1\/4&#8243;][\/vc_column][\/vc_row][vc_row row_padding_top=&#8221;padding_top_1-4&#8243;][vc_column width=&#8221;1\/3&#8243;][vc_raw_html]JTNDZGl2JTIwaWQlM0QlMjJoYy1yYXRpbmdSYXRpbmdIb3RlbCUyMiUzRSUwQSUzQ2RpdiUyMGlkJTNEJTIyaGMtcmF0aW5nUmF0aW5nSG90ZWxfX2lubmVyJTIyJTNFJTIwJTNDaW1nJTIwaWQlM0QlMjJoYy1yYXRpbmdSYXRpbmdIb3RlbF9fcmliYm9uJTIyJTIwc3JjJTNEJTIyaHR0cHMlM0ElMkYlMkZtZWRpYS5kYXRhaGMuY29tJTJGcmF0aW5naG90ZWwlMkZzdGVsbGFyMiUyRnJpYmJvbi5wbmclMjIlMkYlM0UlMEElM0NzcGFuJTIwaWQlM0QlMjJoYy1yYXRpbmdSYXRpbmdIb3RlbF9feWVhciUyMiUzRTIwMTklM0MlMkZzcGFuJTNFJTBBJTNDc3BhbiUyMGlkJTNEJTIyaGMtcmF0aW5nUmF0aW5nSG90ZWxfX2F3YXJkJTIyJTNFUkVDT0dOSVRJT04lMjBPRiUyMEVYQ0VMTEVOQ0UlM0MlMkZzcGFuJTNFJTBBJTNDZGl2JTIwaWQlM0QlMjJoYy1yYXRpbmdSYXRpbmdIb3RlbF9faG90ZWxpbmslMjIlM0UlMjAlM0NhJTIwaWQlM0QlMjJoYy1yYXRpbmdSYXRpbmdIb3RlbF9faG90ZWxuYW1lJTIyJTIwdGFyZ2V0JTNEJTIyX2JsYW5rJTIyJTIwaHJlZiUzRCUyMmphdmFzY3JpcHQlM0F2b2lkJTI4MCUyOSUyMiUzRUhvdGVsJTIwSWRlYWwlMjBGb3JpbyUzQyUyRmElM0UlMjAlM0MlMkZkaXYlM0UlMEElM0NhJTIwaWQlM0QlMjJoYy1yYXRpbmdSYXRpbmdIb3RlbF9faGNsaW5rJTIyJTIwdGFyZ2V0JTNEJTIyX2JsYW5rJTIyJTIwaHJlZiUzRCUyMmh0dHAlM0ElMkYlMkZ3d3cuaG90ZWxzY29tYmluZWQuY29tJTIyJTNFSG90ZWxzQ29tYmluZWQlM0MlMkZhJTNFJTIwJTNDJTJGZGl2JTNFJTBBJTNDZGl2JTIwaWQlM0QlMjJoYy1yYXRpbmdSYXRpbmdIb3RlbF9fcmF0aW5nJTIyJTNFJTIwJTNDc3BhbiUyMGlkJTNEJTIyaGMtcmF0aW5nUmF0aW5nSG90ZWxfX251bWJlciUyMiUzRTklM0MlMkZzcGFuJTNFJTBBJTNDc3BhbiUyMGlkJTNEJTIyaGMtcmF0aW5nUmF0aW5nSG90ZWxfX3BpcGUlMjIlM0UlM0MlMkZzcGFuJTNFJTIwJTNDc3BhbiUyMGlkJTNEJTIyaGMtcmF0aW5nUmF0aW5nSG90ZWxfX3JhdGVkYnklMjIlM0VSYXRlZCUyMGJ5JTIwR3Vlc3RzJTNDJTJGc3BhbiUzRSUyMCUzQyUyRmRpdiUzRSUyMCUzQyUyRmRpdiUzRSUwQSUzQ2RpdiUyMGlkJTNEJTIyaGMtZGF0YV9faG90ZWxsaW5rJTIyJTIwc3R5bGUlM0QlMjJkaXNwbGF5JTNBJTIwbm9uZSUzQiUyMiUzRUhvdGVsX0lkZWFsX0ZvcmlvJTNDJTJGZGl2JTNFJTBBJTNDc2NyaXB0JTIwdHlwZSUzRCUyMnRleHQlMkZqYXZhc2NyaXB0JTIyJTIwc3JjJTNEJTIyaHR0cHMlM0ElMkYlMkZhamF4Lmdvb2dsZWFwaXMuY29tJTJGYWpheCUyRmxpYnMlMkZ3ZWJmb250JTJGMSUyRndlYmZvbnQuanMlMjIlM0UlMjAlM0MlMkZzY3JpcHQlM0UlMEElM0NzY3JpcHQlM0UlMjhmdW5jdGlvbiUyOCUyOSU3QnZhciUyMHJhbmQlMjAlM0QlMjBNYXRoLmZsb29yJTI4JTI4TWF0aC5yYW5kb20lMjglMjklMjAlMkElMjA5OTk5OTk5OSUyOSUyMCUyQiUyMDElMjklM0IlMjBmdW5jdGlvbiUyMGxvYWRqc2Nzc2ZpbGUlMjhhJTJDYiUyOSU3QmlmJTI4JTIyanMlMjIlM0QlM0RiJTI5JTdCdmFyJTIwYyUzRGRvY3VtZW50LmNyZWF0ZUVsZW1lbnQlMjglMjJzY3JpcHQlMjIlMjklM0JjLnNldEF0dHJpYnV0ZSUyOCUyMnR5cGUlMjIlMkMlMjJ0ZXh0JTJGamF2YXNjcmlwdCUyMiUyOSUyQ2Muc2V0QXR0cmlidXRlJTI4JTIyc3JjJTIyJTJDYSUyOSU3RGVsc2UlMjBpZiUyOCUyMmNzcyUyMiUzRCUzRGIlMjklN0J2YXIlMEFjJTNEZG9jdW1lbnQuY3JlYXRlRWxlbWVudCUyOCUyMmxpbmslMjIlMjklM0JjLnNldEF0dHJpYnV0ZSUyOCUyMnJlbCUyMiUyQyUyMnN0eWxlc2hlZXQlMjIlMjklMkNjLnNldEF0dHJpYnV0ZSUyOCUyMnR5cGUlMjIlMkMlMjJ0ZXh0JTJGY3NzJTIyJTI5JTJDYy5zZXRBdHRyaWJ1dGUlMjglMjJocmVmJTIyJTJDYSUyOSU3RCUyMnVuZGVmaW5lZCUyMiUyMSUzRHR5cGVvZiUyMGMlMjYlMjZkb2N1bWVudC5nZXRFbGVtZW50c0J5VGFnTmFtZSUyOCUyMmhlYWQlMjIlMjklNUIwJTVELmFwcGVuZENoaWxkJTI4YyUyOSU3RCUwQWxvYWRqc2Nzc2ZpbGUlMjglMjdodHRwcyUzQSUyRiUyRm1lZGlhLmRhdGFoYy5jb20lMkZyYXRpbmdob3RlbCUyRnN0ZWxsYXIyJTJGc3R5bGVzLmNzcyUzRnYlMjclMjAlMkIlMjByYW5kJTJDJTIwJTI3Y3NzJTI3JTI5JTNCJTIwbG9hZGpzY3NzZmlsZSUyOCUyN2h0dHBzJTNBJTJGJTJGbWVkaWEuZGF0YWhjLmNvbSUyRnJhdGluZ2hvdGVsJTJGc3RlbGxhcjIlMkZzY3JpcHQuanMlM0Z2JTI3JTIwJTJCJTIwcmFuZCUyQyUyMCUyN2pzJTI3JTI5JTNCJTIwJTdEJTI5JTI4JTI5JTNCJTIwJTNDJTJGc2NyaXB0JTNF[\/vc_raw_html][\/vc_column][vc_column width=&#8221;1\/3&#8243;][vc_raw_html css=&#8221;.vc_custom_1568390092382{padding-left: 80px !important;}&#8221;]JTNDZGl2JTIwaWQlM0QlMjJUQV9jZXJ0aWZpY2F0ZU9mRXhjZWxsZW5jZTQ1OSUyMiUyMGNsYXNzJTNEJTIyVEFfY2VydGlmaWNhdGVPZkV4Y2VsbGVuY2UlMjIlM0UlM0N1bCUyMGlkJTNEJTIyeEg2R01tUlpVJTIyJTIwY2xhc3MlM0QlMjJUQV9saW5rcyUyMFRWSVlqb3cwbnBnJTIyJTNFJTNDbGklMjBpZCUzRCUyMjNUcnF2ZUIlMjIlMjBjbGFzcyUzRCUyMlQydWx4UzMlMjIlM0UlM0NhJTIwdGFyZ2V0JTNEJTIyX2JsYW5rJTIyJTIwaHJlZiUzRCUyMmh0dHBzJTNBJTJGJTJGd3d3LnRyaXBhZHZpc29yLml0JTJGSG90ZWxfUmV2aWV3LWc1ODAyMTAtZDY3MDUzMS1SZXZpZXdzLUhvdGVsX0lkZWFsLUZvcmlvX0lzb2xhX2RfSXNjaGlhX1Byb3ZpbmNlX29mX05hcGxlc19DYW1wYW5pYS5odG1sJTIyJTNFJTNDaW1nJTIwc3JjJTNEJTIyaHR0cHMlM0ElMkYlMkZ3d3cudHJpcGFkdmlzb3IuaXQlMkZpbWclMkZjZHNpJTJGaW1nMiUyRmF3YXJkcyUyRkNvRTIwMTdfV2lkZ2V0QXNzZXQtMTQzNDgtMi5wbmclMjIlMjBhbHQlM0QlMjJUcmlwQWR2aXNvciUyMiUyMGNsYXNzJTNEJTIyd2lkQ09FSW1nJTIyJTIwaWQlM0QlMjJDRFNXSURDT0VMT0dPJTIyJTJGJTNFJTNDJTJGYSUzRSUzQyUyRmxpJTNFJTNDJTJGdWwlM0UlM0MlMkZkaXYlM0UlM0NzY3JpcHQlMjBhc3luYyUyMHNyYyUzRCUyMmh0dHBzJTNBJTJGJTJGd3d3LmpzY2FjaGUuY29tJTJGd2VqcyUzRnd0eXBlJTNEY2VydGlmaWNhdGVPZkV4Y2VsbGVuY2UlMjZhbXAlM0J1bmlxJTNENDU5JTI2YW1wJTNCbG9jYXRpb25JZCUzRDY3MDUzMSUyNmFtcCUzQmxhbmclM0RpdCUyNmFtcCUzQnllYXIlM0QyMDE5JTI2YW1wJTNCZGlzcGxheV92ZXJzaW9uJTNEMiUyMiUyMGRhdGEtbG9hZHRyayUyMG9ubG9hZCUzRCUyMnRoaXMubG9hZHRyayUzRHRydWUlMjIlM0UlM0MlMkZzY3JpcHQlM0U=[\/vc_raw_html][\/vc_column][vc_column width=&#8221;1\/3&#8243;][vc_single_image image=&#8221;964&#8243; alignment=&#8221;center&#8221; onclick=&#8221;custom_link&#8221; img_link_target=&#8221;_blank&#8221; link=&#8221;http:\/\/www.booking.com\/Share-kS77rsJ&#8221;][\/vc_column][\/vc_row][vc_row full_width=&#8221;stretch_row&#8221; color_set=&#8221;white_section&#8221; row_padding_bottom=&#8221;padding_bottom_none&#8221;][vc_column][plethora_headinggroup subtitle=&#8221;Bewertungen&#8221; background_title=&#8221;IDEAL&#8221; divider=&#8221;1&#8243;]<\/p>\n<h2>SIE SAGEN \u00dcBER UNS<\/h2>\n<p>[\/plethora_headinggroup][\/vc_column][\/vc_row][vc_row full_width=&#8221;stretch_row&#8221; color_set=&#8221;white_section&#8221; row_padding_top=&#8221;padding_top_none&#8221;][vc_column color_set=&#8221;white_section&#8221;][vc_raw_html]JTNDc2NyaXB0JTIwc3JjJTNEJTIyaHR0cHMlM0ElMkYlMkZhcHBzLmVsZnNpZ2h0LmNvbSUyRnAlMkZwbGF0Zm9ybS5qcyUyMiUyMGRlZmVyJTNFJTNDJTJGc2NyaXB0JTNFJTBBJTNDZGl2JTIwY2xhc3MlM0QlMjJlbGZzaWdodC1hcHAtY2FiZGEzMmMtZGUxZS00YmU1LTliNzQtY2YxZTFhZjhlNjQwJTIyJTNFJTNDJTJGZGl2JTNF[\/vc_raw_html][\/vc_column][\/vc_row][vc_row full_width=&#8221;stretch_row&#8221; color_set=&#8221;dark_section&#8221; transparent=&#8221;transparent&#8221; transparent_overlay=&#8221;transparent_film&#8221; css=&#8221;.vc_custom_1487812929980{background-image: url(http:\/\/www.idealhotel.it\/wp-content\/uploads\/2017\/02\/hotel-ideal-cucina-e-passione.jpg?id=81) !important;background-position: center !important;background-repeat: no-repeat !important;background-size: cover !important;}&#8221;][vc_column width=&#8221;2\/3&#8243; offset=&#8221;vc_col-sm-offset-2&#8243;][plethora_headinggroup divider=&#8221;&#8221;]<\/p>\n<h2>Hotel Ideal<\/h2>\n<p>[\/plethora_headinggroup][vc_column_text]<\/p>\n<p style=\"text-align: center;\">Fordern Sie Verf\u00fcgbarkeit ohne Verpflichtung an und nutzen Sie unsere Angebote, f\u00fcr einen Urlaub in Ischia im Namen der Entspannung und gutes Essen.<\/p>\n<p>[\/vc_column_text][plethora_button button_text=&#8221;KLICKEN SIE HIER&#8221; button_link=&#8221;url:http%3A%2F%2Fwww.idealhotel.it%2Fde%2Fbuchen%2F|||&#8221; button_align=&#8221;text-center&#8221; button_style=&#8221;btn-white&#8221; button_with_icon=&#8221;0&#8243;][\/vc_column][\/vc_row]<\/p>\n<\/div>","protected":false},"excerpt":{"rendered":"<p>[vc_row full_width=&#8221;stretch_row&#8221; row_padding_bottom=&#8221;padding_bottom_none&#8221;][vc_column][plethora_headinggroup subtitle=&#8221;Italienische Exzellenz&#8221; background_title=&#8221;IDEAL&#8221; divider=&#8221;1&#8243;] IDEAL AUSZEICHNUNGEN [\/plethora_headinggroup][\/vc_column][\/vc_row][vc_row row_padding_top=&#8221;padding_top_none&#8221; row_padding_bottom=&#8221;padding_bottom_1-4&#8243;][vc_column width=&#8221;1\/4&#8243;][\/vc_column][vc_column width=&#8221;1\/2&#8243;][vc_column_text] Unsere Mission ist es, ein H\u00f6chstma\u00df an Engagement und Engagement f\u00fcr die G\u00e4stebetreuung zu bieten. Gastfreundschaft, an die wir zutiefst glauben und die wir in Exzellenz verwandeln m\u00f6chten. Die st\u00e4ndige Arbeit vor Ort, die von den&#8230;<\/p>\n","protected":false},"author":2,"featured_media":0,"parent":0,"menu_order":0,"comment_status":"closed","ping_status":"closed","template":"templates\/home-page.php","meta":{"_themeisle_gutenberg_block_has_review":false,"footnotes":""},"class_list":["post-949","page","type-page","status-publish","hentry"],"yoast_head":"<!-- This site is optimized with the Yoast SEO Premium plugin v22.7 (Yoast SEO v26.2) - https:\/\/yoast.com\/wordpress\/plugins\/seo\/ -->\n<title>Hotel Ideal Ischia Auszeichnungen<\/title>\n<meta name=\"description\" content=\"die Permi unserer Partner und die Bewertungen unserer G\u00e4ste\" \/>\n<meta name=\"robots\" content=\"index, follow, max-snippet:-1, max-image-preview:large, max-video-preview:-1\" \/>\n<link rel=\"canonical\" href=\"https:\/\/www.idealhotel.it\/de\/auszeichnungen\/\" \/>\n<meta property=\"og:locale\" content=\"de_DE\" \/>\n<meta property=\"og:type\" content=\"article\" \/>\n<meta property=\"og:title\" content=\"Auszeichnungen\" \/>\n<meta property=\"og:description\" content=\"die Permi unserer Partner und die Bewertungen unserer G\u00e4ste\" \/>\n<meta property=\"og:url\" content=\"https:\/\/www.idealhotel.it\/de\/auszeichnungen\/\" \/>\n<meta property=\"og:site_name\" content=\"Boutique Hotel Ideal\" \/>\n<meta property=\"article:publisher\" content=\"https:\/\/www.facebook.com\/hotelidealischia\" \/>\n<meta property=\"article:modified_time\" content=\"2019-09-17T00:52:05+00:00\" \/>\n<meta property=\"og:image\" content=\"https:\/\/www.idealhotel.it\/wp-content\/uploads\/2017\/02\/hotel-ideal-cucina-e-passione.jpg\" \/>\n\t<meta property=\"og:image:width\" content=\"1600\" \/>\n\t<meta property=\"og:image:height\" content=\"900\" \/>\n\t<meta property=\"og:image:type\" content=\"image\/jpeg\" \/>\n<meta name=\"twitter:card\" content=\"summary_large_image\" \/>\n<meta name=\"twitter:site\" content=\"@IdealIschia\" \/>\n<meta name=\"twitter:label1\" content=\"Gesch\u00e4tzte Lesezeit\" \/>\n\t<meta name=\"twitter:data1\" content=\"4\u00a0Minuten\" \/>\n<script type=\"application\/ld+json\" class=\"yoast-schema-graph\">{\"@context\":\"https:\/\/schema.org\",\"@graph\":[{\"@type\":\"WebPage\",\"@id\":\"https:\/\/www.idealhotel.it\/de\/auszeichnungen\/\",\"url\":\"https:\/\/www.idealhotel.it\/de\/auszeichnungen\/\",\"name\":\"Hotel Ideal Ischia Auszeichnungen\",\"isPartOf\":{\"@id\":\"https:\/\/www.idealhotel.it\/#website\"},\"datePublished\":\"2018-03-21T15:23:14+00:00\",\"dateModified\":\"2019-09-17T00:52:05+00:00\",\"description\":\"die Permi unserer Partner und die Bewertungen unserer G\u00e4ste\",\"breadcrumb\":{\"@id\":\"https:\/\/www.idealhotel.it\/de\/auszeichnungen\/#breadcrumb\"},\"inLanguage\":\"de\",\"potentialAction\":[{\"@type\":\"ReadAction\",\"target\":[\"https:\/\/www.idealhotel.it\/de\/auszeichnungen\/\"]}]},{\"@type\":\"BreadcrumbList\",\"@id\":\"https:\/\/www.idealhotel.it\/de\/auszeichnungen\/#breadcrumb\",\"itemListElement\":[{\"@type\":\"ListItem\",\"position\":1,\"name\":\"Home\",\"item\":\"https:\/\/www.idealhotel.it\/de\/home-2-2\/\"},{\"@type\":\"ListItem\",\"position\":2,\"name\":\"Auszeichnungen\"}]},{\"@type\":\"WebSite\",\"@id\":\"https:\/\/www.idealhotel.it\/#website\",\"url\":\"https:\/\/www.idealhotel.it\/\",\"name\":\"Boutique Hotel Ideal\",\"description\":\"hotel sul mare per la tua vacanza ideale a Ischia\",\"potentialAction\":[{\"@type\":\"SearchAction\",\"target\":{\"@type\":\"EntryPoint\",\"urlTemplate\":\"https:\/\/www.idealhotel.it\/?s={search_term_string}\"},\"query-input\":{\"@type\":\"PropertyValueSpecification\",\"valueRequired\":true,\"valueName\":\"search_term_string\"}}],\"inLanguage\":\"de\"}]}<\/script>\n<!-- \/ Yoast SEO Premium plugin. -->","yoast_head_json":{"title":"Hotel Ideal Ischia Auszeichnungen","description":"die Permi unserer Partner und die Bewertungen unserer G\u00e4ste","robots":{"index":"index","follow":"follow","max-snippet":"max-snippet:-1","max-image-preview":"max-image-preview:large","max-video-preview":"max-video-preview:-1"},"canonical":"https:\/\/www.idealhotel.it\/de\/auszeichnungen\/","og_locale":"de_DE","og_type":"article","og_title":"Auszeichnungen","og_description":"die Permi unserer Partner und die Bewertungen unserer G\u00e4ste","og_url":"https:\/\/www.idealhotel.it\/de\/auszeichnungen\/","og_site_name":"Boutique Hotel Ideal","article_publisher":"https:\/\/www.facebook.com\/hotelidealischia","article_modified_time":"2019-09-17T00:52:05+00:00","og_image":[{"width":1600,"height":900,"url":"https:\/\/www.idealhotel.it\/wp-content\/uploads\/2017\/02\/hotel-ideal-cucina-e-passione.jpg","type":"image\/jpeg"}],"twitter_card":"summary_large_image","twitter_site":"@IdealIschia","twitter_misc":{"Gesch\u00e4tzte Lesezeit":"4\u00a0Minuten"},"schema":{"@context":"https:\/\/schema.org","@graph":[{"@type":"WebPage","@id":"https:\/\/www.idealhotel.it\/de\/auszeichnungen\/","url":"https:\/\/www.idealhotel.it\/de\/auszeichnungen\/","name":"Hotel Ideal Ischia Auszeichnungen","isPartOf":{"@id":"https:\/\/www.idealhotel.it\/#website"},"datePublished":"2018-03-21T15:23:14+00:00","dateModified":"2019-09-17T00:52:05+00:00","description":"die Permi unserer Partner und die Bewertungen unserer G\u00e4ste","breadcrumb":{"@id":"https:\/\/www.idealhotel.it\/de\/auszeichnungen\/#breadcrumb"},"inLanguage":"de","potentialAction":[{"@type":"ReadAction","target":["https:\/\/www.idealhotel.it\/de\/auszeichnungen\/"]}]},{"@type":"BreadcrumbList","@id":"https:\/\/www.idealhotel.it\/de\/auszeichnungen\/#breadcrumb","itemListElement":[{"@type":"ListItem","position":1,"name":"Home","item":"https:\/\/www.idealhotel.it\/de\/home-2-2\/"},{"@type":"ListItem","position":2,"name":"Auszeichnungen"}]},{"@type":"WebSite","@id":"https:\/\/www.idealhotel.it\/#website","url":"https:\/\/www.idealhotel.it\/","name":"Boutique Hotel Ideal","description":"hotel sul mare per la tua vacanza ideale a Ischia","potentialAction":[{"@type":"SearchAction","target":{"@type":"EntryPoint","urlTemplate":"https:\/\/www.idealhotel.it\/?s={search_term_string}"},"query-input":{"@type":"PropertyValueSpecification","valueRequired":true,"valueName":"search_term_string"}}],"inLanguage":"de"}]}},"_links":{"self":[{"href":"https:\/\/www.idealhotel.it\/de\/wp-json\/wp\/v2\/pages\/949","targetHints":{"allow":["GET"]}}],"collection":[{"href":"https:\/\/www.idealhotel.it\/de\/wp-json\/wp\/v2\/pages"}],"about":[{"href":"https:\/\/www.idealhotel.it\/de\/wp-json\/wp\/v2\/types\/page"}],"author":[{"embeddable":true,"href":"https:\/\/www.idealhotel.it\/de\/wp-json\/wp\/v2\/users\/2"}],"replies":[{"embeddable":true,"href":"https:\/\/www.idealhotel.it\/de\/wp-json\/wp\/v2\/comments?post=949"}],"version-history":[{"count":3,"href":"https:\/\/www.idealhotel.it\/de\/wp-json\/wp\/v2\/pages\/949\/revisions"}],"predecessor-version":[{"id":1003,"href":"https:\/\/www.idealhotel.it\/de\/wp-json\/wp\/v2\/pages\/949\/revisions\/1003"}],"wp:attachment":[{"href":"https:\/\/www.idealhotel.it\/de\/wp-json\/wp\/v2\/media?parent=949"}],"curies":[{"name":"wp","href":"https:\/\/api.w.org\/{rel}","templated":true}]}}