{"id":740,"date":"2018-03-21T23:52:55","date_gmt":"2018-03-21T22:52:55","guid":{"rendered":"http:\/\/www.idealhotel.it\/?page_id=740"},"modified":"2018-03-21T23:52:55","modified_gmt":"2018-03-21T22:52:55","slug":"zimmer","status":"publish","type":"page","link":"https:\/\/www.idealhotel.it\/de\/zimmer\/","title":{"rendered":"Zimmer"},"content":{"rendered":"<div class=\"wpb-content-wrapper\"><p>[vc_row][vc_column][plethora_loop_room items_template=&#8221;list-room-classic-horizontal&#8221; ref_id=&#8221;58469f451ced4&#8243; items_excerpt_trim=&#8221;45&#8243; items_booking_target_price=&#8221;0&#8243; items_room_amenities_max=&#8221;7&#8243; items_extraclass=&#8221;white_section&#8221;][\/vc_column][\/vc_row]<\/p>\n<\/div>","protected":false},"excerpt":{"rendered":"<p>[vc_row][vc_column][plethora_loop_room items_template=&#8221;list-room-classic-horizontal&#8221; ref_id=&#8221;58469f451ced4&#8243; items_excerpt_trim=&#8221;45&#8243; items_booking_target_price=&#8221;0&#8243; items_room_amenities_max=&#8221;7&#8243; items_extraclass=&#8221;white_section&#8221;][\/vc_column][\/vc_row]<\/p>\n","protected":false},"author":2,"featured_media":71,"parent":0,"menu_order":0,"comment_status":"closed","ping_status":"closed","template":"","meta":{"_themeisle_gutenberg_block_has_review":false,"footnotes":""},"class_list":["post-740","page","type-page","status-publish","has-post-thumbnail","hentry"],"yoast_head":"<!-- This site is optimized with the Yoast SEO Premium plugin v22.7 (Yoast SEO v26.2) - https:\/\/yoast.com\/wordpress\/plugins\/seo\/ -->\n<title>Hotel Ideal Ischia - Zimmer f\u00fcr das Paar oder f\u00fcr die Familie<\/title>\n<meta name=\"description\" content=\"Gem\u00fctliche und komfortable Zimmer zum Entspannen. Charmant, umsorgt, gem\u00fctlich und ausgestattet mit eigenem Bad und Balkon\/Terrasse.\" \/>\n<meta name=\"robots\" content=\"index, follow, max-snippet:-1, max-image-preview:large, max-video-preview:-1\" \/>\n<link rel=\"canonical\" href=\"https:\/\/www.idealhotel.it\/de\/zimmer\/\" \/>\n<meta property=\"og:locale\" content=\"de_DE\" \/>\n<meta property=\"og:type\" content=\"article\" \/>\n<meta property=\"og:title\" content=\"Zimmer\" \/>\n<meta property=\"og:description\" content=\"Gem\u00fctliche und komfortable Zimmer zum Entspannen. Charmant, umsorgt, gem\u00fctlich und ausgestattet mit eigenem Bad und Balkon\/Terrasse.\" \/>\n<meta property=\"og:url\" content=\"https:\/\/www.idealhotel.it\/de\/zimmer\/\" \/>\n<meta property=\"og:site_name\" content=\"Boutique Hotel Ideal\" \/>\n<meta property=\"article:publisher\" content=\"https:\/\/www.facebook.com\/hotelidealischia\" \/>\n<meta property=\"og:image\" content=\"https:\/\/www.idealhotel.it\/wp-content\/uploads\/2017\/02\/camere-hotel-ideal-tre-stelle-ischia.jpg\" \/>\n\t<meta property=\"og:image:width\" content=\"1600\" \/>\n\t<meta property=\"og:image:height\" content=\"772\" \/>\n\t<meta property=\"og:image:type\" content=\"image\/jpeg\" \/>\n<meta name=\"twitter:card\" content=\"summary_large_image\" \/>\n<meta name=\"twitter:site\" content=\"@IdealIschia\" \/>\n<script type=\"application\/ld+json\" class=\"yoast-schema-graph\">{\"@context\":\"https:\/\/schema.org\",\"@graph\":[{\"@type\":\"WebPage\",\"@id\":\"https:\/\/www.idealhotel.it\/de\/zimmer\/\",\"url\":\"https:\/\/www.idealhotel.it\/de\/zimmer\/\",\"name\":\"Hotel Ideal Ischia - Zimmer f\u00fcr das Paar oder f\u00fcr die Familie\",\"isPartOf\":{\"@id\":\"https:\/\/www.idealhotel.it\/#website\"},\"primaryImageOfPage\":{\"@id\":\"https:\/\/www.idealhotel.it\/de\/zimmer\/#primaryimage\"},\"image\":{\"@id\":\"https:\/\/www.idealhotel.it\/de\/zimmer\/#primaryimage\"},\"thumbnailUrl\":\"https:\/\/www.idealhotel.it\/wp-content\/uploads\/2017\/02\/camere-hotel-ideal-tre-stelle-ischia.jpg\",\"datePublished\":\"2018-03-21T22:52:55+00:00\",\"description\":\"Gem\u00fctliche und komfortable Zimmer zum Entspannen. Charmant, umsorgt, gem\u00fctlich und ausgestattet mit eigenem Bad und Balkon\/Terrasse.\",\"breadcrumb\":{\"@id\":\"https:\/\/www.idealhotel.it\/de\/zimmer\/#breadcrumb\"},\"inLanguage\":\"de\",\"potentialAction\":[{\"@type\":\"ReadAction\",\"target\":[\"https:\/\/www.idealhotel.it\/de\/zimmer\/\"]}]},{\"@type\":\"ImageObject\",\"inLanguage\":\"de\",\"@id\":\"https:\/\/www.idealhotel.it\/de\/zimmer\/#primaryimage\",\"url\":\"https:\/\/www.idealhotel.it\/wp-content\/uploads\/2017\/02\/camere-hotel-ideal-tre-stelle-ischia.jpg\",\"contentUrl\":\"https:\/\/www.idealhotel.it\/wp-content\/uploads\/2017\/02\/camere-hotel-ideal-tre-stelle-ischia.jpg\",\"width\":1600,\"height\":772,\"caption\":\"Le Camere dell'Hotel Ideal 3 Stelle di Forio d'Ischia\"},{\"@type\":\"BreadcrumbList\",\"@id\":\"https:\/\/www.idealhotel.it\/de\/zimmer\/#breadcrumb\",\"itemListElement\":[{\"@type\":\"ListItem\",\"position\":1,\"name\":\"Home\",\"item\":\"https:\/\/www.idealhotel.it\/de\/home-2-2\/\"},{\"@type\":\"ListItem\",\"position\":2,\"name\":\"Zimmer\"}]},{\"@type\":\"WebSite\",\"@id\":\"https:\/\/www.idealhotel.it\/#website\",\"url\":\"https:\/\/www.idealhotel.it\/\",\"name\":\"Boutique Hotel Ideal\",\"description\":\"hotel sul mare per la tua vacanza ideale a Ischia\",\"potentialAction\":[{\"@type\":\"SearchAction\",\"target\":{\"@type\":\"EntryPoint\",\"urlTemplate\":\"https:\/\/www.idealhotel.it\/?s={search_term_string}\"},\"query-input\":{\"@type\":\"PropertyValueSpecification\",\"valueRequired\":true,\"valueName\":\"search_term_string\"}}],\"inLanguage\":\"de\"}]}<\/script>\n<!-- \/ Yoast SEO Premium plugin. -->","yoast_head_json":{"title":"Hotel Ideal Ischia - Zimmer f\u00fcr das Paar oder f\u00fcr die Familie","description":"Gem\u00fctliche und komfortable Zimmer zum Entspannen. Charmant, umsorgt, gem\u00fctlich und ausgestattet mit eigenem Bad und Balkon\/Terrasse.","robots":{"index":"index","follow":"follow","max-snippet":"max-snippet:-1","max-image-preview":"max-image-preview:large","max-video-preview":"max-video-preview:-1"},"canonical":"https:\/\/www.idealhotel.it\/de\/zimmer\/","og_locale":"de_DE","og_type":"article","og_title":"Zimmer","og_description":"Gem\u00fctliche und komfortable Zimmer zum Entspannen. Charmant, umsorgt, gem\u00fctlich und ausgestattet mit eigenem Bad und Balkon\/Terrasse.","og_url":"https:\/\/www.idealhotel.it\/de\/zimmer\/","og_site_name":"Boutique Hotel Ideal","article_publisher":"https:\/\/www.facebook.com\/hotelidealischia","og_image":[{"width":1600,"height":772,"url":"https:\/\/www.idealhotel.it\/wp-content\/uploads\/2017\/02\/camere-hotel-ideal-tre-stelle-ischia.jpg","type":"image\/jpeg"}],"twitter_card":"summary_large_image","twitter_site":"@IdealIschia","schema":{"@context":"https:\/\/schema.org","@graph":[{"@type":"WebPage","@id":"https:\/\/www.idealhotel.it\/de\/zimmer\/","url":"https:\/\/www.idealhotel.it\/de\/zimmer\/","name":"Hotel Ideal Ischia - Zimmer f\u00fcr das Paar oder f\u00fcr die Familie","isPartOf":{"@id":"https:\/\/www.idealhotel.it\/#website"},"primaryImageOfPage":{"@id":"https:\/\/www.idealhotel.it\/de\/zimmer\/#primaryimage"},"image":{"@id":"https:\/\/www.idealhotel.it\/de\/zimmer\/#primaryimage"},"thumbnailUrl":"https:\/\/www.idealhotel.it\/wp-content\/uploads\/2017\/02\/camere-hotel-ideal-tre-stelle-ischia.jpg","datePublished":"2018-03-21T22:52:55+00:00","description":"Gem\u00fctliche und komfortable Zimmer zum Entspannen. Charmant, umsorgt, gem\u00fctlich und ausgestattet mit eigenem Bad und Balkon\/Terrasse.","breadcrumb":{"@id":"https:\/\/www.idealhotel.it\/de\/zimmer\/#breadcrumb"},"inLanguage":"de","potentialAction":[{"@type":"ReadAction","target":["https:\/\/www.idealhotel.it\/de\/zimmer\/"]}]},{"@type":"ImageObject","inLanguage":"de","@id":"https:\/\/www.idealhotel.it\/de\/zimmer\/#primaryimage","url":"https:\/\/www.idealhotel.it\/wp-content\/uploads\/2017\/02\/camere-hotel-ideal-tre-stelle-ischia.jpg","contentUrl":"https:\/\/www.idealhotel.it\/wp-content\/uploads\/2017\/02\/camere-hotel-ideal-tre-stelle-ischia.jpg","width":1600,"height":772,"caption":"Le Camere dell'Hotel Ideal 3 Stelle di Forio d'Ischia"},{"@type":"BreadcrumbList","@id":"https:\/\/www.idealhotel.it\/de\/zimmer\/#breadcrumb","itemListElement":[{"@type":"ListItem","position":1,"name":"Home","item":"https:\/\/www.idealhotel.it\/de\/home-2-2\/"},{"@type":"ListItem","position":2,"name":"Zimmer"}]},{"@type":"WebSite","@id":"https:\/\/www.idealhotel.it\/#website","url":"https:\/\/www.idealhotel.it\/","name":"Boutique Hotel Ideal","description":"hotel sul mare per la tua vacanza ideale a Ischia","potentialAction":[{"@type":"SearchAction","target":{"@type":"EntryPoint","urlTemplate":"https:\/\/www.idealhotel.it\/?s={search_term_string}"},"query-input":{"@type":"PropertyValueSpecification","valueRequired":true,"valueName":"search_term_string"}}],"inLanguage":"de"}]}},"_links":{"self":[{"href":"https:\/\/www.idealhotel.it\/de\/wp-json\/wp\/v2\/pages\/740","targetHints":{"allow":["GET"]}}],"collection":[{"href":"https:\/\/www.idealhotel.it\/de\/wp-json\/wp\/v2\/pages"}],"about":[{"href":"https:\/\/www.idealhotel.it\/de\/wp-json\/wp\/v2\/types\/page"}],"author":[{"embeddable":true,"href":"https:\/\/www.idealhotel.it\/de\/wp-json\/wp\/v2\/users\/2"}],"replies":[{"embeddable":true,"href":"https:\/\/www.idealhotel.it\/de\/wp-json\/wp\/v2\/comments?post=740"}],"version-history":[{"count":1,"href":"https:\/\/www.idealhotel.it\/de\/wp-json\/wp\/v2\/pages\/740\/revisions"}],"predecessor-version":[{"id":741,"href":"https:\/\/www.idealhotel.it\/de\/wp-json\/wp\/v2\/pages\/740\/revisions\/741"}],"wp:featuredmedia":[{"embeddable":true,"href":"https:\/\/www.idealhotel.it\/de\/wp-json\/wp\/v2\/media\/71"}],"wp:attachment":[{"href":"https:\/\/www.idealhotel.it\/de\/wp-json\/wp\/v2\/media?parent=740"}],"curies":[{"name":"wp","href":"https:\/\/api.w.org\/{rel}","templated":true}]}}