{"id":736,"date":"2018-03-21T17:59:16","date_gmt":"2018-03-21T16:59:16","guid":{"rendered":"http:\/\/www.idealhotel.it\/?page_id=736"},"modified":"2021-06-08T22:51:47","modified_gmt":"2021-06-08T20:51:47","slug":"kontakte","status":"publish","type":"page","link":"https:\/\/www.idealhotel.it\/de\/kontakte\/","title":{"rendered":"Kontakte"},"content":{"rendered":"<div class=\"wpb-content-wrapper\"><p>[vc_row row_padding_bottom=&#8221;padding_bottom_1-4&#8243;][vc_column][vc_column_text]<div id=\"wpgmza_map\" class=\"wpgmza_map\" data-settings='{\"id\":\"1\",\"map_title\":\"My first map\",\"map_width\":\"100\",\"map_height\":\"400\",\"map_start_lat\":\"40.727911\",\"map_start_lng\":\"13.859186\",\"map_start_location\":\"40.72791077571888,13.859186291361523\",\"map_start_zoom\":\"17\",\"default_marker\":\"0\",\"type\":\"1\",\"alignment\":\"1\",\"directions_enabled\":\"1\",\"styling_enabled\":\"0\",\"styling_json\":\"\",\"active\":\"0\",\"kml\":\"\",\"bicycle\":\"0\",\"traffic\":\"0\",\"dbox\":\"1\",\"dbox_width\":\"100\",\"listmarkers\":\"0\",\"listmarkers_advanced\":\"0\",\"filterbycat\":\"0\",\"ugm_enabled\":\"0\",\"ugm_category_enabled\":\"0\",\"fusion\":\"\",\"map_width_type\":\"\\\\%\",\"map_height_type\":\"px\",\"mass_marker_support\":\"1\",\"ugm_access\":\"0\",\"order_markers_by\":\"1\",\"order_markers_choice\":\"2\",\"show_user_location\":\"0\",\"default_to\":\"\",\"other_settings\":{\"store_locator_enabled\":2,\"store_locator_distance\":2,\"store_locator_bounce\":1,\"store_locator_query_string\":\"CAP \\\/ Indirizzo:\",\"store_locator_default_address\":\"\",\"wpgmza_store_locator_restrict\":\"\",\"map_max_zoom\":\"1\",\"transport_layer\":0,\"wpgmza_theme_data\":\"[ \\\\\\\"visibility\\\\\\\", \\\\\\\"invert_lightness\\\\\\\", \\\\\\\"color\\\\\\\", \\\\\\\"weight\\\\\\\", \\\\\\\"hue\\\\\\\", \\\\\\\"saturation\\\\\\\", \\\\\\\"lightness\\\\\\\", \\\\\\\"gamma\\\\\\\"]\",\"wpgmza_theme_selection\":0}}' data-map-id='1' Data-maps-engine='' data-shortcode-attributes='{\"id\":\"1\"}' style=\"display:block; overflow:auto; width:100%; height:400px; float:left;\"><\/div>[\/vc_column_text][\/vc_column][\/vc_row][vc_row row_padding_top=&#8221;padding_top_none&#8221; row_padding_bottom=&#8221;padding_bottom_none&#8221;][vc_column width=&#8221;2\/3&#8243; offset=&#8221;vc_col-sm-offset-2&#8243;][vc_column_text]<\/p>\n<h3 style=\"text-align: center;\"><\/h3>\n<h3 style=\"text-align: center;\">Via Giovanni Mazzella, 146 &#8211; 80075 Forio (NA)<\/h3>\n<p style=\"text-align: center;\">Das Hotel befindet sich auf der Westseite der Insel Ischia, etwas mehr als 100 Meter vom Meer entfernt. Eine privilegierte Lage, von der aus Sie bequem die wichtigsten Sehensw\u00fcrdigkeiten, das Zentrum oder die Hauptstr\u00e4nde in wenigen Minuten erreichen.<\/p>\n<p>[\/vc_column_text][vc_empty_space height=&#8221;40px&#8221;][\/vc_column][\/vc_row][vc_row row_padding_top=&#8221;padding_top_none&#8221;][vc_column width=&#8221;1\/3&#8243;][plethora_teaserbox orientation_style=&#8221;vertical&#8221; title=&#8221;REZEPTION&#8221; media_type=&#8221;icon&#8221; icon=&#8221;fa fa-fax&#8221;]Hotel Ideal Rezeption ist f\u00fcr Kunden verf\u00fcgbar f\u00fcr jede Art von Informationen oder Bedarf.<br \/>\n<b>(+39)081988050<\/b>[\/plethora_teaserbox][\/vc_column][vc_column width=&#8221;1\/3&#8243;][plethora_teaserbox orientation_style=&#8221;vertical&#8221; title=&#8221;TELEFON&#8221; media_type=&#8221;icon&#8221; icon=&#8221;fa fa-phone&#8221;]Direkter Kontakt mit der Hotelverwaltung f\u00fcr jegliche Art von Hilfe f\u00fcr G\u00e4ste<br \/>\n<b>(+39) 3207177474<\/b>[\/plethora_teaserbox][\/vc_column][vc_column width=&#8221;1\/3&#8243;][plethora_teaserbox orientation_style=&#8221;vertical&#8221; title=&#8221;E-MAIL&#8221; media_type=&#8221;icon&#8221; icon=&#8221;fa fa-envelope-o&#8221;]Sie k\u00f6nnen uns per E-Mail kontaktieren, indem Sie das folgende Formular ausf\u00fcllen oder uns unter der folgenden Adresse schreiben.<br \/>\n<b>info@idealhotel.it<\/b>[\/plethora_teaserbox][\/vc_column][\/vc_row][vc_row full_width=&#8221;stretch_row&#8221; color_set=&#8221;white_section&#8221; align=&#8221;text-center&#8221;][vc_column width=&#8221;2\/3&#8243; align=&#8221;text-center&#8221; offset=&#8221;vc_col-sm-offset-2&#8243;][plethora_headinggroup divider=&#8221;1&#8243;]<\/p>\n<h2>MAIL FORMULAR<\/h2>\n<p>[\/plethora_headinggroup][vc_column_text]F\u00fcllen Sie das folgende Kontaktformular aus, um eine E-Mail an unsere Rezeption zu senden. Sie werden in sehr kurzer Zeit von unseren Mitarbeitern kontaktiert.[\/vc_column_text]\n<div class=\"wpcf7 no-js\" id=\"wpcf7-f735-o1\" lang=\"it-IT\" dir=\"ltr\" data-wpcf7-id=\"735\">\n<div class=\"screen-reader-response\"><p role=\"status\" aria-live=\"polite\" aria-atomic=\"true\"><\/p> <ul><\/ul><\/div>\n<form action=\"\/de\/wp-json\/wp\/v2\/pages\/736#wpcf7-f735-o1\" method=\"post\" class=\"wpcf7-form init\" aria-label=\"Modulo di contatto\" novalidate=\"novalidate\" data-status=\"init\">\n<fieldset class=\"hidden-fields-container\"><input type=\"hidden\" name=\"_wpcf7\" value=\"735\" \/><input type=\"hidden\" name=\"_wpcf7_version\" value=\"6.1.2\" \/><input type=\"hidden\" name=\"_wpcf7_locale\" value=\"it_IT\" \/><input type=\"hidden\" name=\"_wpcf7_unit_tag\" value=\"wpcf7-f735-o1\" \/><input type=\"hidden\" name=\"_wpcf7_container_post\" value=\"0\" \/><input type=\"hidden\" name=\"_wpcf7_posted_data_hash\" value=\"\" \/><input type=\"hidden\" name=\"_wpcf7_recaptcha_response\" value=\"\" \/>\n<\/fieldset>\n<p><label> Name (Pflichtfeld)<br \/>\n<span class=\"wpcf7-form-control-wrap\" data-name=\"your-name\"><input size=\"40\" maxlength=\"400\" class=\"wpcf7-form-control wpcf7-text wpcf7-validates-as-required\" aria-required=\"true\" aria-invalid=\"false\" value=\"\" type=\"text\" name=\"your-name\" \/><\/span> <\/label>\n<\/p>\n<p><label> email (Pflichtfeld)<br \/>\n<span class=\"wpcf7-form-control-wrap\" data-name=\"your-email\"><input size=\"40\" maxlength=\"400\" class=\"wpcf7-form-control wpcf7-email wpcf7-validates-as-required wpcf7-text wpcf7-validates-as-email\" aria-required=\"true\" aria-invalid=\"false\" value=\"\" type=\"email\" name=\"your-email\" \/><\/span> <\/label>\n<\/p>\n<p><label> telefon (Pflichtfeld)<br \/>\n<span class=\"wpcf7-form-control-wrap\" data-name=\"your-tel\"><input size=\"40\" maxlength=\"400\" class=\"wpcf7-form-control wpcf7-email wpcf7-validates-as-required wpcf7-text wpcf7-validates-as-email\" aria-required=\"true\" aria-invalid=\"false\" value=\"\" type=\"email\" name=\"your-tel\" \/><\/span> <\/label>\n<\/p>\n<p><label> Betreffzeile<br \/>\n<span class=\"wpcf7-form-control-wrap\" data-name=\"your-subject\"><input size=\"40\" maxlength=\"400\" class=\"wpcf7-form-control wpcf7-text\" aria-invalid=\"false\" value=\"\" type=\"text\" name=\"your-subject\" \/><\/span> <\/label>\n<\/p>\n<p><label> Nachricht<br \/>\n<span class=\"wpcf7-form-control-wrap\" data-name=\"your-message\"><textarea cols=\"40\" rows=\"10\" maxlength=\"2000\" class=\"wpcf7-form-control wpcf7-textarea\" aria-invalid=\"false\" name=\"your-message\"><\/textarea><\/span> <\/label>\n<\/p>\n<p><span class=\"wpcf7-form-control-wrap\" data-name=\"acceptance-433\"><span class=\"wpcf7-form-control wpcf7-acceptance\"><span class=\"wpcf7-list-item\"><input type=\"checkbox\" name=\"acceptance-433\" value=\"1\" aria-invalid=\"false\" \/><\/span><\/span><\/span>Ich gestatte die Verarbeitung meiner personenbezogenen Daten (Privacy Policy)\n<\/p>\n<p><input class=\"wpcf7-form-control wpcf7-submit has-spinner\" type=\"submit\" value=\"Senden\" \/>\n<\/p><div class=\"wpcf7-response-output\" aria-hidden=\"true\"><\/div>\n<\/form>\n<\/div>\n[\/vc_column][\/vc_row][vc_row full_width=&#8221;stretch_row&#8221; color_set=&#8221;black_section&#8221; transparent_overlay=&#8221;transparent_film&#8221; align=&#8221;text-center&#8221; css=&#8221;.vc_custom_1487815793862{background-image: url(http:\/\/www.idealhotel.it\/wp-content\/uploads\/2017\/02\/prenotazioni-hotel-ideal-tre-stelle-ischia-1.jpg?id=105) !important;}&#8221; el_class=&#8221;large_form&#8221;][vc_column width=&#8221;2\/3&#8243; offset=&#8221;vc_col-sm-offset-2&#8243;][plethora_headinggroup divider=&#8221;1&#8243;]<\/p>\n<h2>Newsletter<\/h2>\n<p>[\/plethora_headinggroup][vc_column_text]<\/p>\n<p style=\"text-align: center;\"><strong>Abonnieren Sie kostenlos unseren Newsletter, um Neuigkeiten, Updates, Vorschauangebote und alle neuen Angebote zu erhalten.<\/strong><\/p>\n<p>[\/vc_column_text][plethora_mailchimp mailchimp_form=&#8221;138&#8243;][\/vc_column][\/vc_row]<\/p>\n<\/div>","protected":false},"excerpt":{"rendered":"<p>[vc_row row_padding_bottom=&#8221;padding_bottom_1-4&#8243;][vc_column][vc_column_text][\/vc_column_text][\/vc_column][\/vc_row][vc_row row_padding_top=&#8221;padding_top_none&#8221; row_padding_bottom=&#8221;padding_bottom_none&#8221;][vc_column width=&#8221;2\/3&#8243; offset=&#8221;vc_col-sm-offset-2&#8243;][vc_column_text] Via Giovanni Mazzella, 146 &#8211; 80075 Forio (NA) Das Hotel befindet sich auf der Westseite der Insel Ischia, etwas mehr als 100 Meter vom Meer entfernt. Eine privilegierte Lage, von der aus Sie bequem die wichtigsten Sehensw\u00fcrdigkeiten, das Zentrum oder die Hauptstr\u00e4nde in wenigen&#8230;<\/p>\n","protected":false},"author":2,"featured_media":0,"parent":0,"menu_order":0,"comment_status":"closed","ping_status":"closed","template":"templates\/home-page.php","meta":{"_themeisle_gutenberg_block_has_review":false,"footnotes":""},"class_list":["post-736","page","type-page","status-publish","hentry"],"yoast_head":"<!-- This site is optimized with the Yoast SEO Premium plugin v22.7 (Yoast SEO v26.2) - https:\/\/yoast.com\/wordpress\/plugins\/seo\/ -->\n<title>Kontakte - Hotel Ideal Ischia Drei\u00adster\u00adne\u00adho\u00adtel<\/title>\n<meta name=\"description\" content=\"Ideal Ischia Drei\u00adster\u00adne\u00adho\u00adtel. Das Hotel befindet sich auf der Westseite der Insel Ischia, etwas mehr als 100 Meter vom Meer entfernt.\" \/>\n<meta name=\"robots\" content=\"index, follow, max-snippet:-1, max-image-preview:large, max-video-preview:-1\" \/>\n<link rel=\"canonical\" href=\"https:\/\/www.idealhotel.it\/de\/kontakte\/\" \/>\n<meta property=\"og:locale\" content=\"de_DE\" \/>\n<meta property=\"og:type\" content=\"article\" \/>\n<meta property=\"og:title\" content=\"Kontakte\" \/>\n<meta property=\"og:description\" content=\"Ideal Ischia Drei\u00adster\u00adne\u00adho\u00adtel. Das Hotel befindet sich auf der Westseite der Insel Ischia, etwas mehr als 100 Meter vom Meer entfernt.\" \/>\n<meta property=\"og:url\" content=\"https:\/\/www.idealhotel.it\/de\/kontakte\/\" \/>\n<meta property=\"og:site_name\" content=\"Boutique Hotel Ideal\" \/>\n<meta property=\"article:publisher\" content=\"https:\/\/www.facebook.com\/hotelidealischia\" \/>\n<meta property=\"article:modified_time\" content=\"2021-06-08T20:51:47+00:00\" \/>\n<meta property=\"og:image\" content=\"https:\/\/www.idealhotel.it\/wp-content\/uploads\/2017\/02\/contatti-hotel-ideal-tre-stelle-ischia.jpg\" \/>\n\t<meta property=\"og:image:width\" content=\"1600\" \/>\n\t<meta property=\"og:image:height\" content=\"900\" \/>\n\t<meta property=\"og:image:type\" content=\"image\/jpeg\" \/>\n<meta name=\"twitter:card\" content=\"summary_large_image\" \/>\n<meta name=\"twitter:site\" content=\"@IdealIschia\" \/>\n<meta name=\"twitter:label1\" content=\"Gesch\u00e4tzte Lesezeit\" \/>\n\t<meta name=\"twitter:data1\" content=\"2\u00a0Minuten\" \/>\n<script type=\"application\/ld+json\" class=\"yoast-schema-graph\">{\"@context\":\"https:\/\/schema.org\",\"@graph\":[{\"@type\":\"WebPage\",\"@id\":\"https:\/\/www.idealhotel.it\/de\/kontakte\/\",\"url\":\"https:\/\/www.idealhotel.it\/de\/kontakte\/\",\"name\":\"Kontakte - Hotel Ideal Ischia Drei\u00adster\u00adne\u00adho\u00adtel\",\"isPartOf\":{\"@id\":\"https:\/\/www.idealhotel.it\/#website\"},\"datePublished\":\"2018-03-21T16:59:16+00:00\",\"dateModified\":\"2021-06-08T20:51:47+00:00\",\"description\":\"Ideal Ischia Drei\u00adster\u00adne\u00adho\u00adtel. Das Hotel befindet sich auf der Westseite der Insel Ischia, etwas mehr als 100 Meter vom Meer entfernt.\",\"breadcrumb\":{\"@id\":\"https:\/\/www.idealhotel.it\/de\/kontakte\/#breadcrumb\"},\"inLanguage\":\"de\",\"potentialAction\":[{\"@type\":\"ReadAction\",\"target\":[\"https:\/\/www.idealhotel.it\/de\/kontakte\/\"]}]},{\"@type\":\"BreadcrumbList\",\"@id\":\"https:\/\/www.idealhotel.it\/de\/kontakte\/#breadcrumb\",\"itemListElement\":[{\"@type\":\"ListItem\",\"position\":1,\"name\":\"Home\",\"item\":\"https:\/\/www.idealhotel.it\/de\/home-2-2\/\"},{\"@type\":\"ListItem\",\"position\":2,\"name\":\"Kontakte\"}]},{\"@type\":\"WebSite\",\"@id\":\"https:\/\/www.idealhotel.it\/#website\",\"url\":\"https:\/\/www.idealhotel.it\/\",\"name\":\"Boutique Hotel Ideal\",\"description\":\"hotel sul mare per la tua vacanza ideale a Ischia\",\"potentialAction\":[{\"@type\":\"SearchAction\",\"target\":{\"@type\":\"EntryPoint\",\"urlTemplate\":\"https:\/\/www.idealhotel.it\/?s={search_term_string}\"},\"query-input\":{\"@type\":\"PropertyValueSpecification\",\"valueRequired\":true,\"valueName\":\"search_term_string\"}}],\"inLanguage\":\"de\"}]}<\/script>\n<!-- \/ Yoast SEO Premium plugin. -->","yoast_head_json":{"title":"Kontakte - Hotel Ideal Ischia Drei\u00adster\u00adne\u00adho\u00adtel","description":"Ideal Ischia Drei\u00adster\u00adne\u00adho\u00adtel. Das Hotel befindet sich auf der Westseite der Insel Ischia, etwas mehr als 100 Meter vom Meer entfernt.","robots":{"index":"index","follow":"follow","max-snippet":"max-snippet:-1","max-image-preview":"max-image-preview:large","max-video-preview":"max-video-preview:-1"},"canonical":"https:\/\/www.idealhotel.it\/de\/kontakte\/","og_locale":"de_DE","og_type":"article","og_title":"Kontakte","og_description":"Ideal Ischia Drei\u00adster\u00adne\u00adho\u00adtel. Das Hotel befindet sich auf der Westseite der Insel Ischia, etwas mehr als 100 Meter vom Meer entfernt.","og_url":"https:\/\/www.idealhotel.it\/de\/kontakte\/","og_site_name":"Boutique Hotel Ideal","article_publisher":"https:\/\/www.facebook.com\/hotelidealischia","article_modified_time":"2021-06-08T20:51:47+00:00","og_image":[{"width":1600,"height":900,"url":"https:\/\/www.idealhotel.it\/wp-content\/uploads\/2017\/02\/contatti-hotel-ideal-tre-stelle-ischia.jpg","type":"image\/jpeg"}],"twitter_card":"summary_large_image","twitter_site":"@IdealIschia","twitter_misc":{"Gesch\u00e4tzte Lesezeit":"2\u00a0Minuten"},"schema":{"@context":"https:\/\/schema.org","@graph":[{"@type":"WebPage","@id":"https:\/\/www.idealhotel.it\/de\/kontakte\/","url":"https:\/\/www.idealhotel.it\/de\/kontakte\/","name":"Kontakte - Hotel Ideal Ischia Drei\u00adster\u00adne\u00adho\u00adtel","isPartOf":{"@id":"https:\/\/www.idealhotel.it\/#website"},"datePublished":"2018-03-21T16:59:16+00:00","dateModified":"2021-06-08T20:51:47+00:00","description":"Ideal Ischia Drei\u00adster\u00adne\u00adho\u00adtel. Das Hotel befindet sich auf der Westseite der Insel Ischia, etwas mehr als 100 Meter vom Meer entfernt.","breadcrumb":{"@id":"https:\/\/www.idealhotel.it\/de\/kontakte\/#breadcrumb"},"inLanguage":"de","potentialAction":[{"@type":"ReadAction","target":["https:\/\/www.idealhotel.it\/de\/kontakte\/"]}]},{"@type":"BreadcrumbList","@id":"https:\/\/www.idealhotel.it\/de\/kontakte\/#breadcrumb","itemListElement":[{"@type":"ListItem","position":1,"name":"Home","item":"https:\/\/www.idealhotel.it\/de\/home-2-2\/"},{"@type":"ListItem","position":2,"name":"Kontakte"}]},{"@type":"WebSite","@id":"https:\/\/www.idealhotel.it\/#website","url":"https:\/\/www.idealhotel.it\/","name":"Boutique Hotel Ideal","description":"hotel sul mare per la tua vacanza ideale a Ischia","potentialAction":[{"@type":"SearchAction","target":{"@type":"EntryPoint","urlTemplate":"https:\/\/www.idealhotel.it\/?s={search_term_string}"},"query-input":{"@type":"PropertyValueSpecification","valueRequired":true,"valueName":"search_term_string"}}],"inLanguage":"de"}]}},"_links":{"self":[{"href":"https:\/\/www.idealhotel.it\/de\/wp-json\/wp\/v2\/pages\/736","targetHints":{"allow":["GET"]}}],"collection":[{"href":"https:\/\/www.idealhotel.it\/de\/wp-json\/wp\/v2\/pages"}],"about":[{"href":"https:\/\/www.idealhotel.it\/de\/wp-json\/wp\/v2\/types\/page"}],"author":[{"embeddable":true,"href":"https:\/\/www.idealhotel.it\/de\/wp-json\/wp\/v2\/users\/2"}],"replies":[{"embeddable":true,"href":"https:\/\/www.idealhotel.it\/de\/wp-json\/wp\/v2\/comments?post=736"}],"version-history":[{"count":4,"href":"https:\/\/www.idealhotel.it\/de\/wp-json\/wp\/v2\/pages\/736\/revisions"}],"predecessor-version":[{"id":1109,"href":"https:\/\/www.idealhotel.it\/de\/wp-json\/wp\/v2\/pages\/736\/revisions\/1109"}],"wp:attachment":[{"href":"https:\/\/www.idealhotel.it\/de\/wp-json\/wp\/v2\/media?parent=736"}],"curies":[{"name":"wp","href":"https:\/\/api.w.org\/{rel}","templated":true}]}}