{"id":728,"date":"2018-03-21T17:22:15","date_gmt":"2018-03-21T16:22:15","guid":{"rendered":"http:\/\/www.idealhotel.it\/?page_id=728"},"modified":"2018-03-22T01:43:56","modified_gmt":"2018-03-22T00:43:56","slug":"bildergalerie","status":"publish","type":"page","link":"https:\/\/www.idealhotel.it\/de\/bildergalerie\/","title":{"rendered":"Bildergalerie"},"content":{"rendered":"<div class=\"wpb-content-wrapper\"><p>[vc_row full_width=&#8221;stretch_row_content&#8221; row_padding_top=&#8221;padding_top_none&#8221;][vc_column][vc_masonry_media_grid style=&#8221;load-more&#8221; items_per_page=&#8221;6&#8243; gap=&#8221;10&#8243; btn_title=&#8221;Mehr&#8221; btn_style=&#8221;modern&#8221; btn_shape=&#8221;square&#8221; btn_color=&#8221;black&#8221; grid_id=&#8221;vc_gid:1488130255368-19c459f5-30b1-8&#8243; include=&#8221;288,287,286,285,284,283,282,281,280,279,278,277,276,275&#8243;][\/vc_column][\/vc_row]<\/p>\n<\/div>","protected":false},"excerpt":{"rendered":"<p>[vc_row full_width=&#8221;stretch_row_content&#8221; row_padding_top=&#8221;padding_top_none&#8221;][vc_column][vc_masonry_media_grid style=&#8221;load-more&#8221; items_per_page=&#8221;6&#8243; gap=&#8221;10&#8243; btn_title=&#8221;Mehr&#8221; btn_style=&#8221;modern&#8221; btn_shape=&#8221;square&#8221; btn_color=&#8221;black&#8221; grid_id=&#8221;vc_gid:1488130255368-19c459f5-30b1-8&#8243; include=&#8221;288,287,286,285,284,283,282,281,280,279,278,277,276,275&#8243;][\/vc_column][\/vc_row]<\/p>\n","protected":false},"author":2,"featured_media":284,"parent":0,"menu_order":0,"comment_status":"closed","ping_status":"closed","template":"","meta":{"_themeisle_gutenberg_block_has_review":false,"footnotes":""},"class_list":["post-728","page","type-page","status-publish","has-post-thumbnail","hentry"],"yoast_head":"<!-- This site is optimized with the Yoast SEO Premium plugin v22.7 (Yoast SEO v26.2) - https:\/\/yoast.com\/wordpress\/plugins\/seo\/ -->\n<title>Hotel Ideal Ischia Bildergalerie<\/title>\n<meta name=\"description\" content=\"Eine Bildergalerie, die jede Ecke unserer Struktur aufnimmt. Von Innenr\u00e4umen zu Au\u00dfenbereichen, zu Zimmern, zur K\u00fcche und zum Esszimmer.\" \/>\n<meta name=\"robots\" content=\"index, follow, max-snippet:-1, max-image-preview:large, max-video-preview:-1\" \/>\n<link rel=\"canonical\" href=\"https:\/\/www.idealhotel.it\/de\/bildergalerie\/\" \/>\n<meta property=\"og:locale\" content=\"de_DE\" \/>\n<meta property=\"og:type\" content=\"article\" \/>\n<meta property=\"og:title\" content=\"Bildergalerie\" \/>\n<meta property=\"og:description\" content=\"Eine Bildergalerie, die jede Ecke unserer Struktur aufnimmt. Von Innenr\u00e4umen zu Au\u00dfenbereichen, zu Zimmern, zur K\u00fcche und zum Esszimmer.\" \/>\n<meta property=\"og:url\" content=\"https:\/\/www.idealhotel.it\/de\/bildergalerie\/\" \/>\n<meta property=\"og:site_name\" content=\"Boutique Hotel Ideal\" \/>\n<meta property=\"article:publisher\" content=\"https:\/\/www.facebook.com\/hotelidealischia\" \/>\n<meta property=\"article:modified_time\" content=\"2018-03-22T00:43:56+00:00\" \/>\n<meta property=\"og:image\" content=\"https:\/\/www.idealhotel.it\/wp-content\/uploads\/2017\/02\/piscine-solarium-sera-hotel-ideal-gal.jpg\" \/>\n\t<meta property=\"og:image:width\" content=\"1500\" \/>\n\t<meta property=\"og:image:height\" content=\"998\" \/>\n\t<meta property=\"og:image:type\" content=\"image\/jpeg\" \/>\n<meta name=\"twitter:card\" content=\"summary_large_image\" \/>\n<meta name=\"twitter:site\" content=\"@IdealIschia\" \/>\n<script type=\"application\/ld+json\" class=\"yoast-schema-graph\">{\"@context\":\"https:\/\/schema.org\",\"@graph\":[{\"@type\":\"WebPage\",\"@id\":\"https:\/\/www.idealhotel.it\/de\/bildergalerie\/\",\"url\":\"https:\/\/www.idealhotel.it\/de\/bildergalerie\/\",\"name\":\"Hotel Ideal Ischia Bildergalerie\",\"isPartOf\":{\"@id\":\"https:\/\/www.idealhotel.it\/#website\"},\"primaryImageOfPage\":{\"@id\":\"https:\/\/www.idealhotel.it\/de\/bildergalerie\/#primaryimage\"},\"image\":{\"@id\":\"https:\/\/www.idealhotel.it\/de\/bildergalerie\/#primaryimage\"},\"thumbnailUrl\":\"https:\/\/www.idealhotel.it\/wp-content\/uploads\/2017\/02\/piscine-solarium-sera-hotel-ideal-gal.jpg\",\"datePublished\":\"2018-03-21T16:22:15+00:00\",\"dateModified\":\"2018-03-22T00:43:56+00:00\",\"description\":\"Eine Bildergalerie, die jede Ecke unserer Struktur aufnimmt. Von Innenr\u00e4umen zu Au\u00dfenbereichen, zu Zimmern, zur K\u00fcche und zum Esszimmer.\",\"breadcrumb\":{\"@id\":\"https:\/\/www.idealhotel.it\/de\/bildergalerie\/#breadcrumb\"},\"inLanguage\":\"de\",\"potentialAction\":[{\"@type\":\"ReadAction\",\"target\":[\"https:\/\/www.idealhotel.it\/de\/bildergalerie\/\"]}]},{\"@type\":\"ImageObject\",\"inLanguage\":\"de\",\"@id\":\"https:\/\/www.idealhotel.it\/de\/bildergalerie\/#primaryimage\",\"url\":\"https:\/\/www.idealhotel.it\/wp-content\/uploads\/2017\/02\/piscine-solarium-sera-hotel-ideal-gal.jpg\",\"contentUrl\":\"https:\/\/www.idealhotel.it\/wp-content\/uploads\/2017\/02\/piscine-solarium-sera-hotel-ideal-gal.jpg\",\"width\":1500,\"height\":998},{\"@type\":\"BreadcrumbList\",\"@id\":\"https:\/\/www.idealhotel.it\/de\/bildergalerie\/#breadcrumb\",\"itemListElement\":[{\"@type\":\"ListItem\",\"position\":1,\"name\":\"Home\",\"item\":\"https:\/\/www.idealhotel.it\/de\/home-2-2\/\"},{\"@type\":\"ListItem\",\"position\":2,\"name\":\"Bildergalerie\"}]},{\"@type\":\"WebSite\",\"@id\":\"https:\/\/www.idealhotel.it\/#website\",\"url\":\"https:\/\/www.idealhotel.it\/\",\"name\":\"Boutique Hotel Ideal\",\"description\":\"hotel sul mare per la tua vacanza ideale a Ischia\",\"potentialAction\":[{\"@type\":\"SearchAction\",\"target\":{\"@type\":\"EntryPoint\",\"urlTemplate\":\"https:\/\/www.idealhotel.it\/?s={search_term_string}\"},\"query-input\":{\"@type\":\"PropertyValueSpecification\",\"valueRequired\":true,\"valueName\":\"search_term_string\"}}],\"inLanguage\":\"de\"}]}<\/script>\n<!-- \/ Yoast SEO Premium plugin. -->","yoast_head_json":{"title":"Hotel Ideal Ischia Bildergalerie","description":"Eine Bildergalerie, die jede Ecke unserer Struktur aufnimmt. Von Innenr\u00e4umen zu Au\u00dfenbereichen, zu Zimmern, zur K\u00fcche und zum Esszimmer.","robots":{"index":"index","follow":"follow","max-snippet":"max-snippet:-1","max-image-preview":"max-image-preview:large","max-video-preview":"max-video-preview:-1"},"canonical":"https:\/\/www.idealhotel.it\/de\/bildergalerie\/","og_locale":"de_DE","og_type":"article","og_title":"Bildergalerie","og_description":"Eine Bildergalerie, die jede Ecke unserer Struktur aufnimmt. Von Innenr\u00e4umen zu Au\u00dfenbereichen, zu Zimmern, zur K\u00fcche und zum Esszimmer.","og_url":"https:\/\/www.idealhotel.it\/de\/bildergalerie\/","og_site_name":"Boutique Hotel Ideal","article_publisher":"https:\/\/www.facebook.com\/hotelidealischia","article_modified_time":"2018-03-22T00:43:56+00:00","og_image":[{"width":1500,"height":998,"url":"https:\/\/www.idealhotel.it\/wp-content\/uploads\/2017\/02\/piscine-solarium-sera-hotel-ideal-gal.jpg","type":"image\/jpeg"}],"twitter_card":"summary_large_image","twitter_site":"@IdealIschia","schema":{"@context":"https:\/\/schema.org","@graph":[{"@type":"WebPage","@id":"https:\/\/www.idealhotel.it\/de\/bildergalerie\/","url":"https:\/\/www.idealhotel.it\/de\/bildergalerie\/","name":"Hotel Ideal Ischia Bildergalerie","isPartOf":{"@id":"https:\/\/www.idealhotel.it\/#website"},"primaryImageOfPage":{"@id":"https:\/\/www.idealhotel.it\/de\/bildergalerie\/#primaryimage"},"image":{"@id":"https:\/\/www.idealhotel.it\/de\/bildergalerie\/#primaryimage"},"thumbnailUrl":"https:\/\/www.idealhotel.it\/wp-content\/uploads\/2017\/02\/piscine-solarium-sera-hotel-ideal-gal.jpg","datePublished":"2018-03-21T16:22:15+00:00","dateModified":"2018-03-22T00:43:56+00:00","description":"Eine Bildergalerie, die jede Ecke unserer Struktur aufnimmt. Von Innenr\u00e4umen zu Au\u00dfenbereichen, zu Zimmern, zur K\u00fcche und zum Esszimmer.","breadcrumb":{"@id":"https:\/\/www.idealhotel.it\/de\/bildergalerie\/#breadcrumb"},"inLanguage":"de","potentialAction":[{"@type":"ReadAction","target":["https:\/\/www.idealhotel.it\/de\/bildergalerie\/"]}]},{"@type":"ImageObject","inLanguage":"de","@id":"https:\/\/www.idealhotel.it\/de\/bildergalerie\/#primaryimage","url":"https:\/\/www.idealhotel.it\/wp-content\/uploads\/2017\/02\/piscine-solarium-sera-hotel-ideal-gal.jpg","contentUrl":"https:\/\/www.idealhotel.it\/wp-content\/uploads\/2017\/02\/piscine-solarium-sera-hotel-ideal-gal.jpg","width":1500,"height":998},{"@type":"BreadcrumbList","@id":"https:\/\/www.idealhotel.it\/de\/bildergalerie\/#breadcrumb","itemListElement":[{"@type":"ListItem","position":1,"name":"Home","item":"https:\/\/www.idealhotel.it\/de\/home-2-2\/"},{"@type":"ListItem","position":2,"name":"Bildergalerie"}]},{"@type":"WebSite","@id":"https:\/\/www.idealhotel.it\/#website","url":"https:\/\/www.idealhotel.it\/","name":"Boutique Hotel Ideal","description":"hotel sul mare per la tua vacanza ideale a Ischia","potentialAction":[{"@type":"SearchAction","target":{"@type":"EntryPoint","urlTemplate":"https:\/\/www.idealhotel.it\/?s={search_term_string}"},"query-input":{"@type":"PropertyValueSpecification","valueRequired":true,"valueName":"search_term_string"}}],"inLanguage":"de"}]}},"_links":{"self":[{"href":"https:\/\/www.idealhotel.it\/de\/wp-json\/wp\/v2\/pages\/728","targetHints":{"allow":["GET"]}}],"collection":[{"href":"https:\/\/www.idealhotel.it\/de\/wp-json\/wp\/v2\/pages"}],"about":[{"href":"https:\/\/www.idealhotel.it\/de\/wp-json\/wp\/v2\/types\/page"}],"author":[{"embeddable":true,"href":"https:\/\/www.idealhotel.it\/de\/wp-json\/wp\/v2\/users\/2"}],"replies":[{"embeddable":true,"href":"https:\/\/www.idealhotel.it\/de\/wp-json\/wp\/v2\/comments?post=728"}],"version-history":[{"count":2,"href":"https:\/\/www.idealhotel.it\/de\/wp-json\/wp\/v2\/pages\/728\/revisions"}],"predecessor-version":[{"id":763,"href":"https:\/\/www.idealhotel.it\/de\/wp-json\/wp\/v2\/pages\/728\/revisions\/763"}],"wp:featuredmedia":[{"embeddable":true,"href":"https:\/\/www.idealhotel.it\/de\/wp-json\/wp\/v2\/media\/284"}],"wp:attachment":[{"href":"https:\/\/www.idealhotel.it\/de\/wp-json\/wp\/v2\/media?parent=728"}],"curies":[{"name":"wp","href":"https:\/\/api.w.org\/{rel}","templated":true}]}}