{"id":723,"date":"2018-03-21T17:09:22","date_gmt":"2018-03-21T16:09:22","guid":{"rendered":"http:\/\/www.idealhotel.it\/?page_id=723"},"modified":"2018-03-21T17:14:00","modified_gmt":"2018-03-21T16:14:00","slug":"gaerten-und-pools","status":"publish","type":"page","link":"https:\/\/www.idealhotel.it\/de\/gaerten-und-pools\/","title":{"rendered":"g\u00e4rten und pools"},"content":{"rendered":"<div class=\"wpb-content-wrapper\"><p>[vc_row full_width=&#8221;stretch_row&#8221; color_set=&#8221;white_section&#8221;][vc_column][plethora_headinggroup subtitle=&#8221;4000 METER NATUR UND D\u00dcFTE&#8221; background_title=&#8221;IDEAL&#8221; divider=&#8221;1&#8243;]<\/p>\n<h2>G\u00c4RTEN &amp; POOLS<\/h2>\n<p>[\/plethora_headinggroup][\/vc_column][vc_column width=&#8221;2\/3&#8243; offset=&#8221;vc_col-sm-offset-2&#8243;][vc_column_text]<\/p>\n<h4 style=\"text-align: center;\">SORGFALT UND DETAIL<\/h4>\n<p style=\"text-align: center;\">Aus meiner pers\u00f6nlichen und langj\u00e4hrigen Hotelerfahrung habe ich gelernt, dass Leidenschaft und Selbstaufopferung der Schl\u00fcssel sind, um mehr zu erhalten, als man bieten kann, genau wie in der Natur. Ich kann die \u00fcbertriebene Liebe zu Letzterer nicht leugnen, diese Liebe, die wir in der Verwirklichung unseres Gartens umgesetzt haben, der ein greifbares Zeichen daf\u00fcr ist, dass die Sch\u00f6nheit \u00fcberall ist und dass man mit M\u00fche und Aufopferung Blumen und Fr\u00fcchte von unsch\u00e4tzbarer Wirkung erh\u00e4lt. Ich schlendere oft entlang der Wege des Gartens zu den Pools und fantasiere immer wieder \u00fcber die Wichtigkeit der Artenvielfalt und der Sorge f\u00fcr die Umgebung in der Hoffnung, den G\u00e4sten des Hotels die gleichen Gef\u00fchle von Ruhe und Sch\u00f6nheit bieten zu k\u00f6nnen, die ich jeden Tag empfinde.<\/p>\n<p>[\/vc_column_text][vc_single_image image=&#8221;97&#8243; img_size=&#8221;100&#215;100&#8243; alignment=&#8221;center&#8221; style=&#8221;vc_box_circle&#8221;][vc_column_text]<\/p>\n<p style=\"text-align: center;\"><small><strong>AMALIA NACCA<\/strong><br \/>\nGENERAL MANAGER<\/small><\/p>\n<p>[\/vc_column_text][\/vc_column][\/vc_row][vc_row full_width=&#8221;stretch_row&#8221; content_placement=&#8221;middle&#8221; row_padding_bottom=&#8221;padding_bottom_none&#8221;][vc_column width=&#8221;1\/2&#8243; el_class=&#8221;col-sm-push-6&#8243;][vc_single_image image=&#8221;286&#8243; img_size=&#8221;large&#8221; css_animation=&#8221;fadeInRight&#8221;][\/vc_column][vc_column width=&#8221;1\/2&#8243; el_class=&#8221;col-sm-pull-6&#8243;][plethora_headinggroup subtitle=&#8221;SAUBER UND GUT AUSGESTATTET&#8221; align=&#8221;text-left&#8221; subtitle_position=&#8221;top&#8221; divider=&#8221;&#8221;]<\/p>\n<h3>DIE POOLS<\/h3>\n<p>[\/plethora_headinggroup][vc_column_text]Das Hotel verf\u00fcgt \u00fcber zwei Pools mit Mineralwasser: einen gro\u00dfen mit Wasser bei Umgebungstemperatur und Unterwassermassage f\u00fcr diejenigen, die f\u00fcr Bl\u00e4schen im Wasser schw\u00e4rmen und mit Gegenstromschwimmanlage f\u00fcr G\u00e4ste, die nicht auf die Bewegung verzichten wollen. Der kleinere Pool ist ebenfalls mit einer Unterwassermassage ausgestattet und das Wasser erreicht eine Temperatur von 38\u00b0C, die ideal zum Entspannen ist. Die Pools sind von einem Solarium mit Sonnenliegen und Sonnenschirmen umgeben, das seinerseits von einem \u00fcppigen Garten umgeben ist.[\/vc_column_text][\/vc_column][\/vc_row][vc_row full_width=&#8221;stretch_row&#8221; content_placement=&#8221;middle&#8221; row_padding_top=&#8221;padding_top_none&#8221;][vc_column width=&#8221;1\/2&#8243;][vc_single_image image=&#8221;99&#8243; img_size=&#8221;large&#8221; css_animation=&#8221;fadeInLeft&#8221;][\/vc_column][vc_column width=&#8221;1\/2&#8243;][plethora_headinggroup subtitle=&#8221;4000 METER GR\u00dcN&#8221; align=&#8221;text-left&#8221; subtitle_position=&#8221;top&#8221; divider=&#8221;&#8221;]<\/p>\n<h3>DER GARTEN<\/h3>\n<p>[\/plethora_headinggroup][vc_column_text]Ein gro\u00dfartiger und einladender Ort, an dem die Artenvielfalt das Leitmotiv ist, das das Hotel, eingebettet zwischen dem Meer und dem Fu\u00df des Monte Epomeo (einem nicht-aktiven Vulkan), mit der umgebenden Landschaft verbindet. Zwischen Palmen, Olivenb\u00e4umen, der Vielfalt der B\u00e4ume und bl\u00fchenden Pflanzen verliert sich der Blick im Gr\u00fcnen und delikat entsteigen die D\u00fcfte der mediterranen Vegetation, die die G\u00e4ste w\u00e4hrend ihres gesamten Aufenthalts im Hotel verw\u00f6hnen. Den stillen Frieden des Gartens zu genie\u00dfen, ist ein Erlebnis, das wir unseren G\u00e4sten empfehlen, gemeinsam mit dem Yoga unter den Olivenb\u00e4umen auszuprobieren: unter der Anleitung unserer Lehrer ist Ihre Entspannung garantiert![\/vc_column_text][\/vc_column][\/vc_row][vc_row full_width=&#8221;stretch_row&#8221; color_set=&#8221;dark_section&#8221; transparent=&#8221;transparent&#8221; transparent_overlay=&#8221;transparent_film&#8221; css=&#8221;.vc_custom_1487814567061{background-image: url(http:\/\/www.idealhotel.it\/wp-content\/uploads\/2017\/02\/yoga-ad-ischia-hotel-ideal.jpg?id=86) !important;background-position: center !important;background-repeat: no-repeat !important;background-size: cover !important;}&#8221;][vc_column width=&#8221;2\/3&#8243; offset=&#8221;vc_col-sm-offset-2&#8243;][plethora_headinggroup divider=&#8221;&#8221;]<\/p>\n<h2>Hotel Ideal Yoga<\/h2>\n<p>[\/plethora_headinggroup][vc_column_text css_animation=&#8221;fadeInUp&#8221;]<\/p>\n<p style=\"text-align: center;\">Erleben Sie die exklusive <strong>Relax Body &amp; Mind<\/strong> Erfahrung von Hotel Ideal. Ein revitalisierender und suggestiver Yoga-Pfad.<\/p>\n<p>[\/vc_column_text][plethora_button button_text=&#8221;WEITERLESEN&#8221; button_link=&#8221;|||&#8221; button_align=&#8221;text-center&#8221; button_style=&#8221;btn-white&#8221; button_style2=&#8221;btn btn-inv&#8221; button_with_icon=&#8221;0&#8243;][\/vc_column][\/vc_row]<\/p>\n<\/div>","protected":false},"excerpt":{"rendered":"<p>[vc_row full_width=&#8221;stretch_row&#8221; color_set=&#8221;white_section&#8221;][vc_column][plethora_headinggroup subtitle=&#8221;4000 METER NATUR UND D\u00dcFTE&#8221; background_title=&#8221;IDEAL&#8221; divider=&#8221;1&#8243;] G\u00c4RTEN &amp; POOLS [\/plethora_headinggroup][\/vc_column][vc_column width=&#8221;2\/3&#8243; offset=&#8221;vc_col-sm-offset-2&#8243;][vc_column_text] SORGFALT UND DETAIL Aus meiner pers\u00f6nlichen und langj\u00e4hrigen Hotelerfahrung habe ich gelernt, dass Leidenschaft und Selbstaufopferung der Schl\u00fcssel sind, um mehr zu erhalten, als man bieten kann, genau wie in der Natur. Ich kann&#8230;<\/p>\n","protected":false},"author":2,"featured_media":0,"parent":0,"menu_order":0,"comment_status":"closed","ping_status":"closed","template":"templates\/home-page.php","meta":{"_themeisle_gutenberg_block_has_review":false,"footnotes":""},"class_list":["post-723","page","type-page","status-publish","hentry"],"yoast_head":"<!-- This site is optimized with the Yoast SEO Premium plugin v22.7 (Yoast SEO v26.2) - https:\/\/yoast.com\/wordpress\/plugins\/seo\/ -->\n<title>Hotel Ideal Ischia - g\u00e4rten und pools<\/title>\n<meta name=\"description\" content=\"g\u00e4rten: 4000 meter natur und d\u00fcfte - pools: das hotel verf\u00fcgt \u00fcber zwei pools mit mineralwasser\" \/>\n<meta name=\"robots\" content=\"index, follow, max-snippet:-1, max-image-preview:large, max-video-preview:-1\" \/>\n<link rel=\"canonical\" href=\"https:\/\/www.idealhotel.it\/de\/gaerten-und-pools\/\" \/>\n<meta property=\"og:locale\" content=\"de_DE\" \/>\n<meta property=\"og:type\" content=\"article\" \/>\n<meta property=\"og:title\" content=\"g\u00e4rten und pools\" \/>\n<meta property=\"og:description\" content=\"g\u00e4rten: 4000 meter natur und d\u00fcfte - pools: das hotel verf\u00fcgt \u00fcber zwei pools mit mineralwasser\" \/>\n<meta property=\"og:url\" content=\"https:\/\/www.idealhotel.it\/de\/gaerten-und-pools\/\" \/>\n<meta property=\"og:site_name\" content=\"Boutique Hotel Ideal\" \/>\n<meta property=\"article:publisher\" content=\"https:\/\/www.facebook.com\/hotelidealischia\" \/>\n<meta property=\"article:modified_time\" content=\"2018-03-21T16:14:00+00:00\" \/>\n<meta property=\"og:image\" content=\"https:\/\/www.idealhotel.it\/wp-content\/uploads\/2017\/02\/piscine-esterne-hotel-ideal-gal.jpg\" \/>\n\t<meta property=\"og:image:width\" content=\"1500\" \/>\n\t<meta property=\"og:image:height\" content=\"998\" \/>\n\t<meta property=\"og:image:type\" content=\"image\/jpeg\" \/>\n<meta name=\"twitter:card\" content=\"summary_large_image\" \/>\n<meta name=\"twitter:site\" content=\"@IdealIschia\" \/>\n<meta name=\"twitter:label1\" content=\"Gesch\u00e4tzte Lesezeit\" \/>\n\t<meta name=\"twitter:data1\" content=\"3\u00a0Minuten\" \/>\n<script type=\"application\/ld+json\" class=\"yoast-schema-graph\">{\"@context\":\"https:\/\/schema.org\",\"@graph\":[{\"@type\":\"WebPage\",\"@id\":\"https:\/\/www.idealhotel.it\/de\/gaerten-und-pools\/\",\"url\":\"https:\/\/www.idealhotel.it\/de\/gaerten-und-pools\/\",\"name\":\"Hotel Ideal Ischia - g\u00e4rten und pools\",\"isPartOf\":{\"@id\":\"https:\/\/www.idealhotel.it\/#website\"},\"datePublished\":\"2018-03-21T16:09:22+00:00\",\"dateModified\":\"2018-03-21T16:14:00+00:00\",\"description\":\"g\u00e4rten: 4000 meter natur und d\u00fcfte - pools: das hotel verf\u00fcgt \u00fcber zwei pools mit mineralwasser\",\"breadcrumb\":{\"@id\":\"https:\/\/www.idealhotel.it\/de\/gaerten-und-pools\/#breadcrumb\"},\"inLanguage\":\"de\",\"potentialAction\":[{\"@type\":\"ReadAction\",\"target\":[\"https:\/\/www.idealhotel.it\/de\/gaerten-und-pools\/\"]}]},{\"@type\":\"BreadcrumbList\",\"@id\":\"https:\/\/www.idealhotel.it\/de\/gaerten-und-pools\/#breadcrumb\",\"itemListElement\":[{\"@type\":\"ListItem\",\"position\":1,\"name\":\"Home\",\"item\":\"https:\/\/www.idealhotel.it\/de\/home-2-2\/\"},{\"@type\":\"ListItem\",\"position\":2,\"name\":\"g\u00e4rten und pools\"}]},{\"@type\":\"WebSite\",\"@id\":\"https:\/\/www.idealhotel.it\/#website\",\"url\":\"https:\/\/www.idealhotel.it\/\",\"name\":\"Boutique Hotel Ideal\",\"description\":\"hotel sul mare per la tua vacanza ideale a Ischia\",\"potentialAction\":[{\"@type\":\"SearchAction\",\"target\":{\"@type\":\"EntryPoint\",\"urlTemplate\":\"https:\/\/www.idealhotel.it\/?s={search_term_string}\"},\"query-input\":{\"@type\":\"PropertyValueSpecification\",\"valueRequired\":true,\"valueName\":\"search_term_string\"}}],\"inLanguage\":\"de\"}]}<\/script>\n<!-- \/ Yoast SEO Premium plugin. -->","yoast_head_json":{"title":"Hotel Ideal Ischia - g\u00e4rten und pools","description":"g\u00e4rten: 4000 meter natur und d\u00fcfte - pools: das hotel verf\u00fcgt \u00fcber zwei pools mit mineralwasser","robots":{"index":"index","follow":"follow","max-snippet":"max-snippet:-1","max-image-preview":"max-image-preview:large","max-video-preview":"max-video-preview:-1"},"canonical":"https:\/\/www.idealhotel.it\/de\/gaerten-und-pools\/","og_locale":"de_DE","og_type":"article","og_title":"g\u00e4rten und pools","og_description":"g\u00e4rten: 4000 meter natur und d\u00fcfte - pools: das hotel verf\u00fcgt \u00fcber zwei pools mit mineralwasser","og_url":"https:\/\/www.idealhotel.it\/de\/gaerten-und-pools\/","og_site_name":"Boutique Hotel Ideal","article_publisher":"https:\/\/www.facebook.com\/hotelidealischia","article_modified_time":"2018-03-21T16:14:00+00:00","og_image":[{"width":1500,"height":998,"url":"https:\/\/www.idealhotel.it\/wp-content\/uploads\/2017\/02\/piscine-esterne-hotel-ideal-gal.jpg","type":"image\/jpeg"}],"twitter_card":"summary_large_image","twitter_site":"@IdealIschia","twitter_misc":{"Gesch\u00e4tzte Lesezeit":"3\u00a0Minuten"},"schema":{"@context":"https:\/\/schema.org","@graph":[{"@type":"WebPage","@id":"https:\/\/www.idealhotel.it\/de\/gaerten-und-pools\/","url":"https:\/\/www.idealhotel.it\/de\/gaerten-und-pools\/","name":"Hotel Ideal Ischia - g\u00e4rten und pools","isPartOf":{"@id":"https:\/\/www.idealhotel.it\/#website"},"datePublished":"2018-03-21T16:09:22+00:00","dateModified":"2018-03-21T16:14:00+00:00","description":"g\u00e4rten: 4000 meter natur und d\u00fcfte - pools: das hotel verf\u00fcgt \u00fcber zwei pools mit mineralwasser","breadcrumb":{"@id":"https:\/\/www.idealhotel.it\/de\/gaerten-und-pools\/#breadcrumb"},"inLanguage":"de","potentialAction":[{"@type":"ReadAction","target":["https:\/\/www.idealhotel.it\/de\/gaerten-und-pools\/"]}]},{"@type":"BreadcrumbList","@id":"https:\/\/www.idealhotel.it\/de\/gaerten-und-pools\/#breadcrumb","itemListElement":[{"@type":"ListItem","position":1,"name":"Home","item":"https:\/\/www.idealhotel.it\/de\/home-2-2\/"},{"@type":"ListItem","position":2,"name":"g\u00e4rten und pools"}]},{"@type":"WebSite","@id":"https:\/\/www.idealhotel.it\/#website","url":"https:\/\/www.idealhotel.it\/","name":"Boutique Hotel Ideal","description":"hotel sul mare per la tua vacanza ideale a Ischia","potentialAction":[{"@type":"SearchAction","target":{"@type":"EntryPoint","urlTemplate":"https:\/\/www.idealhotel.it\/?s={search_term_string}"},"query-input":{"@type":"PropertyValueSpecification","valueRequired":true,"valueName":"search_term_string"}}],"inLanguage":"de"}]}},"_links":{"self":[{"href":"https:\/\/www.idealhotel.it\/de\/wp-json\/wp\/v2\/pages\/723","targetHints":{"allow":["GET"]}}],"collection":[{"href":"https:\/\/www.idealhotel.it\/de\/wp-json\/wp\/v2\/pages"}],"about":[{"href":"https:\/\/www.idealhotel.it\/de\/wp-json\/wp\/v2\/types\/page"}],"author":[{"embeddable":true,"href":"https:\/\/www.idealhotel.it\/de\/wp-json\/wp\/v2\/users\/2"}],"replies":[{"embeddable":true,"href":"https:\/\/www.idealhotel.it\/de\/wp-json\/wp\/v2\/comments?post=723"}],"version-history":[{"count":4,"href":"https:\/\/www.idealhotel.it\/de\/wp-json\/wp\/v2\/pages\/723\/revisions"}],"predecessor-version":[{"id":727,"href":"https:\/\/www.idealhotel.it\/de\/wp-json\/wp\/v2\/pages\/723\/revisions\/727"}],"wp:attachment":[{"href":"https:\/\/www.idealhotel.it\/de\/wp-json\/wp\/v2\/media?parent=723"}],"curies":[{"name":"wp","href":"https:\/\/api.w.org\/{rel}","templated":true}]}}