{"id":718,"date":"2018-03-21T16:23:14","date_gmt":"2018-03-21T15:23:14","guid":{"rendered":"http:\/\/www.idealhotel.it\/?page_id=718"},"modified":"2018-03-22T03:10:56","modified_gmt":"2018-03-22T02:10:56","slug":"restaurant","status":"publish","type":"page","link":"https:\/\/www.idealhotel.it\/de\/restaurant\/","title":{"rendered":"Ristorante"},"content":{"rendered":"<div class=\"wpb-content-wrapper\"><p>[vc_row full_width=&#8221;stretch_row&#8221;][vc_column][plethora_headinggroup subtitle=&#8221;EIN ERLEBNIS VON RAFFINIERTER EINFACHHEIT&#8221; background_title=&#8221;IDEAL&#8221; divider=&#8221;1&#8243;]<\/p>\n<h2>NICHT NUR ESSEN<\/h2>\n<p>[\/plethora_headinggroup][\/vc_column][vc_column width=&#8221;2\/3&#8243; offset=&#8221;vc_col-sm-offset-2&#8243;][vc_column_text]<\/p>\n<h4 style=\"text-align: center;\">K\u00dcCHE, LEIDENSCHAFT UND HINGABE<\/h4>\n<p style=\"text-align: center;\">Wenn ich an die K\u00fcche denke, bin ich mir nicht sicher, ob ich beschreiben kann, wie aufregend und lohnend es ist, sich die H\u00e4nde schmutzig zu machen. Sicherlich sind die Leitlinien unseres Restaurants der Instinkt und die lokale kulinarische Kultur, Elemente, die uns seit jeher auf einen Weg des Geschmacks f\u00fchren, den wir gerne als perfekte Balance zwischen Tradition und Innovation beschreiben. Mit dem K\u00fcchenteam teile ich die Leidenschaft f\u00fcr die sorgf\u00e4ltige Auswahl der Produkte und den starken Wunsch, Aromen zu erforschen, um auf diese Weise immer wieder neue Gerichte ausprobieren zu k\u00f6nnen, die sich in st\u00e4ndiger Weiterentwicklung harmonisch in unsere Men\u00fcs integrieren lassen.<\/p>\n<p>[\/vc_column_text][vc_single_image image=&#8221;474&#8243; img_size=&#8221;150&#215;150&#8243; alignment=&#8221;center&#8221; style=&#8221;vc_box_circle&#8221;][vc_column_text]<\/p>\n<p style=\"text-align: center;\"><small><strong>PEPPE CASTAGNA<\/strong><br \/>\nEXECUTIVE CHEF<\/small><\/p>\n<p>[\/vc_column_text][\/vc_column][\/vc_row][vc_row full_width=&#8221;stretch_row_content_no_spaces&#8221; content_placement=&#8221;middle&#8221; row_padding_top=&#8221;padding_top_none&#8221; row_padding_bottom=&#8221;padding_bottom_none&#8221;][vc_column css_animation=&#8221;none&#8221; width=&#8221;1\/2&#8243; offset=&#8221;vc_col-lg-8 vc_col-md-7&#8243; css=&#8221;.vc_custom_1487962298507{background-image: url(http:\/\/www.idealhotel.it\/wp-content\/uploads\/2017\/02\/sala-ristorante-hotel-ideal-tre-stelle-ischia.jpg?id=77) !important;background-position: center !important;background-repeat: no-repeat !important;background-size: cover !important;}&#8221;][vc_empty_space height=&#8221;300px&#8221;][vc_empty_space height=&#8221;200px&#8221; el_class=&#8221;hidden-xs hidden-sm hidden-md&#8221;][vc_empty_space height=&#8221;100px&#8221; el_class=&#8221;hidden-xs&#8221;][vc_empty_space height=&#8221;100px&#8221; el_class=&#8221;hidden-xs hidden-sm&#8221;][\/vc_column][vc_column width=&#8221;1\/2&#8243; color_set=&#8221;white_section&#8221; align=&#8221;text-left&#8221; boxed=&#8221;boxed_plus&#8221; el_class=&#8221;col-md-pull-1&#8243; offset=&#8221;vc_col-lg-4 vc_col-md-5&#8243;][plethora_headinggroup subtitle=&#8221;EINLADEND &amp; HELL&#8221; align=&#8221;text-left&#8221; subtitle_position=&#8221;top&#8221; divider=&#8221;&#8221;]<\/p>\n<h3>SPEISESAAL<\/h3>\n<p>[\/plethora_headinggroup][vc_column_text]Eine einladende, klimatisierte Umgebung, umgeben von gro\u00dfen Fenstern mit Blick auf den \u00fcppigen Garten des Hotels. Fachm\u00e4nnisch und zuvorkommend von unseren Mitarbeitern gef\u00fchrt, die immer aufmerksam den Bed\u00fcrfnisse aller G\u00e4ste nachkommen. Die Speisekarte ist immer abwechslungsreich und wandelbar, je nach den Erstlingen der Saison, dem Fisch und den frischen Rohstoffen.[\/vc_column_text][plethora_button button_text=&#8221;MENU'&#8221; button_with_icon=&#8221;0&#8243;][\/vc_column][\/vc_row][vc_row full_width=&#8221;stretch_row&#8221; color_set=&#8221;white_section&#8221; row_padding_bottom=&#8221;padding_bottom_none&#8221;][vc_column][plethora_headinggroup subtitle=&#8221;MEDITERRANE AROMEN&#8221; background_title=&#8221;IDEAL&#8221; divider=&#8221;1&#8243;]<\/p>\n<h2>UNSERE K\u00dcCHE<\/h2>\n<p>[\/plethora_headinggroup][\/vc_column][\/vc_row][vc_row full_width=&#8221;stretch_row&#8221; content_placement=&#8221;middle&#8221; color_set=&#8221;white_section&#8221; row_padding_top=&#8221;padding_top_none&#8221; row_padding_bottom=&#8221;padding_bottom_none&#8221;][vc_column css_animation=&#8221;fadeInRight&#8221; width=&#8221;1\/2&#8243; el_class=&#8221;col-sm-push-6&#8243;][vc_single_image image=&#8221;78&#8243; img_size=&#8221;large&#8221; css_animation=&#8221;fadeInRight&#8221;][\/vc_column][vc_column width=&#8221;1\/2&#8243; el_class=&#8221;col-sm-pull-6&#8243;][plethora_headinggroup subtitle=&#8221;KURZE VERTRIEBSWEGE UND ALLES AUS DER REGION&#8221; align=&#8221;text-left&#8221; subtitle_position=&#8221;top&#8221; divider=&#8221;&#8221;]<\/p>\n<h3>FRISCHE PRODUKTE<\/h3>\n<p>[\/plethora_headinggroup][vc_column_text]Die K\u00fcche des Hotel Ideal zieht kurze Vertriebswege vor und verzichtet so weit wie m\u00f6glich auf die gro\u00dfen Handelsketten und f\u00f6rdert die Biodiversit\u00e4t, Nachhaltigkeit und vor allem die Tradition der lokalen Produkte. Die hohe Qualit\u00e4t der frischen Produkte wird durch die direkte Beziehung zu den lokalen Erzeugern garantiert. Sie werden mit Sorgfalt ausgew\u00e4hlt, wobei der Nat\u00fcrlichkeit des \u00f6kologischen Landbaus der Vorzug gegeben wird und die einheimischen Fischer und Z\u00fcchter gef\u00f6rdert werden, um auf dem Tisch einen Teil unserer Tradition mit einer Prise Innovation und Kreativit\u00e4t zu servieren.[\/vc_column_text][\/vc_column][\/vc_row][vc_row full_width=&#8221;stretch_row&#8221; content_placement=&#8221;middle&#8221; color_set=&#8221;white_section&#8221; row_padding_top=&#8221;padding_top_none&#8221; row_padding_bottom=&#8221;padding_bottom_none&#8221;][vc_column css_animation=&#8221;fadeInLeft&#8221; width=&#8221;1\/2&#8243;][vc_single_image image=&#8221;79&#8243; img_size=&#8221;large&#8221; css_animation=&#8221;fadeInLeft&#8221;][\/vc_column][vc_column width=&#8221;1\/2&#8243;][plethora_headinggroup subtitle=&#8221;DIE NOTE DES K\u00dcCHENCHEFS&#8221; align=&#8221;text-left&#8221; subtitle_position=&#8221;top&#8221; divider=&#8221;&#8221;]<\/p>\n<h3>KREATIVIT\u00c4T<\/h3>\n<p>[\/plethora_headinggroup][vc_column_text]<\/p>\n<style type=\"text\/css\">\n\t<!-- @page { margin: 2cm } P { margin-bottom: 0.21cm } --><br \/>\n<\/style>\n<p>Die K\u00fcche, bei der die Qualit\u00e4t der Produkte und die lokale Tradition an erster Stelle stehen, wird bereichert durch den kreativen Touch des K\u00fcchenchefs Peppe Castagna: vom ber\u00fchmten Kaninchen all&#8217; Ischitana \u00fcber die neapolitanische Pizza, wahre Hauptdarsteller unserer kulinarischen Kultur, bis hin zur Bruschetta mit Cocktailtomaten der &#8220;Piennoli&#8221;, eine g.U. des Gebiets, oder der K\u00f6stlichkeit mit Zitrone, dem Stolz unseres Hotels als exklusive Spezialit\u00e4t des K\u00fcchenchefs. Die Speisekarte besteht, au\u00dfer aus einfachen Gerichten, vor allem aus der Leidenschaft und der Suche nach gesunder Ern\u00e4hrung. Das ist, was wir unseren G\u00e4sten anbieten m\u00f6chten.[\/vc_column_text][\/vc_column][\/vc_row][vc_row full_width=&#8221;stretch_row&#8221; content_placement=&#8221;middle&#8221; color_set=&#8221;white_section&#8221; row_padding_top=&#8221;padding_top_none&#8221;][vc_column css_animation=&#8221;fadeInRight&#8221; width=&#8221;1\/2&#8243; el_class=&#8221;col-sm-push-6&#8243;][vc_single_image image=&#8221;80&#8243; img_size=&#8221;large&#8221; css_animation=&#8221;fadeInRight&#8221;][\/vc_column][vc_column width=&#8221;1\/2&#8243; el_class=&#8221;col-sm-pull-6&#8243;][plethora_headinggroup subtitle=&#8221;FR\u00dcHST\u00dcCK WIE ZU HAUSE&#8221; align=&#8221;text-left&#8221; subtitle_position=&#8221;top&#8221; divider=&#8221;&#8221;]<\/p>\n<h3>HANDWERKLICHES FEINGEB\u00c4CK<\/h3>\n<p>[\/plethora_headinggroup][vc_column_text]Das Erwachen unserer G\u00e4ste wird von handwerklichem Feingeb\u00e4ck begr\u00fc\u00dft. Das Fr\u00fchst\u00fcck wird im Bereich der Gartenterrasse serviert und ist immer reichhaltig und urspr\u00fcnglich und zeichnet sich durch den Geschmack des Hauses aus, genauso wie zuhause die S\u00fc\u00dfigkeiten der Gro\u00dfmutter. Der wundersch\u00f6ne Garten, der von der Sonne gestreichelt und von der Meeresbrise bestrichen wird, ist die Kulisse des typischen mediterranen Erwachens, das die G\u00e4ste schon in den fr\u00fchen Morgenstunden verw\u00f6hnt. Auch die Produkte der Konditorei entstammen, wie die des Restaurants, einem kurzen Vertriebsweg und sind aus der Region.[\/vc_column_text][\/vc_column][\/vc_row][vc_row full_width=&#8221;stretch_row&#8221; color_set=&#8221;dark_section&#8221; transparent=&#8221;transparent&#8221; transparent_overlay=&#8221;transparent_film&#8221; css=&#8221;.vc_custom_1487812929980{background-image: url(http:\/\/www.idealhotel.it\/wp-content\/uploads\/2017\/02\/hotel-ideal-cucina-e-passione.jpg?id=81) !important;background-position: center !important;background-repeat: no-repeat !important;background-size: cover !important;}&#8221;][vc_column width=&#8221;2\/3&#8243; offset=&#8221;vc_col-sm-offset-2&#8243;][plethora_headinggroup divider=&#8221;&#8221;]<\/p>\n<h2>Hotel Ideal<\/h2>\n<p>[\/plethora_headinggroup][vc_column_text]<\/p>\n<p style=\"text-align: center;\">Fragen Sie nach Verf\u00fcgbarkeit ohne Verpflichtung und nutzen Sie unsere Angebote, f\u00fcr einen Urlaub in Ischia im Namen der Entspannung und gutes Essen.<\/p>\n<p>[\/vc_column_text][plethora_button button_text=&#8221;KLICK HIER&#8221; button_link=&#8221;url:http%3A%2F%2Fwww.idealhotel.it%2Fde%2Fbuchen%2F|||&#8221; button_align=&#8221;text-center&#8221; button_style=&#8221;btn-white&#8221; button_with_icon=&#8221;0&#8243;][\/vc_column][\/vc_row]<\/p>\n<\/div>","protected":false},"excerpt":{"rendered":"<p>[vc_row full_width=&#8221;stretch_row&#8221;][vc_column][plethora_headinggroup subtitle=&#8221;EIN ERLEBNIS VON RAFFINIERTER EINFACHHEIT&#8221; background_title=&#8221;IDEAL&#8221; divider=&#8221;1&#8243;] NICHT NUR ESSEN [\/plethora_headinggroup][\/vc_column][vc_column width=&#8221;2\/3&#8243; offset=&#8221;vc_col-sm-offset-2&#8243;][vc_column_text] K\u00dcCHE, LEIDENSCHAFT UND HINGABE Wenn ich an die K\u00fcche denke, bin ich mir nicht sicher, ob ich beschreiben kann, wie aufregend und lohnend es ist, sich die H\u00e4nde schmutzig zu machen. Sicherlich sind die Leitlinien&#8230;<\/p>\n","protected":false},"author":2,"featured_media":75,"parent":0,"menu_order":0,"comment_status":"closed","ping_status":"closed","template":"","meta":{"_themeisle_gutenberg_block_has_review":false,"footnotes":""},"class_list":["post-718","page","type-page","status-publish","has-post-thumbnail","hentry"],"yoast_head":"<!-- This site is optimized with the Yoast SEO Premium plugin v22.7 (Yoast SEO v26.2) - https:\/\/yoast.com\/wordpress\/plugins\/seo\/ -->\n<title>Hotel Ideal Restaurant - Drei\u00adster\u00adne\u00adho\u00adtel Insel Ischia<\/title>\n<meta name=\"description\" content=\"Mediterrane K\u00fcche. Ein erlebnis von raffinierter einfachheit - k\u00fcche, leidenschaft und hingabe.\" \/>\n<meta name=\"robots\" content=\"index, follow, max-snippet:-1, max-image-preview:large, max-video-preview:-1\" \/>\n<link rel=\"canonical\" href=\"https:\/\/www.idealhotel.it\/de\/restaurant\/\" \/>\n<meta property=\"og:locale\" content=\"de_DE\" \/>\n<meta property=\"og:type\" content=\"article\" \/>\n<meta property=\"og:title\" content=\"Ristorante\" \/>\n<meta property=\"og:description\" content=\"Mediterrane K\u00fcche. Ein erlebnis von raffinierter einfachheit - k\u00fcche, leidenschaft und hingabe.\" \/>\n<meta property=\"og:url\" content=\"https:\/\/www.idealhotel.it\/de\/restaurant\/\" \/>\n<meta property=\"og:site_name\" content=\"Boutique Hotel Ideal\" \/>\n<meta property=\"article:publisher\" content=\"https:\/\/www.facebook.com\/hotelidealischia\" \/>\n<meta property=\"article:modified_time\" content=\"2018-03-22T02:10:56+00:00\" \/>\n<meta property=\"og:image\" content=\"https:\/\/www.idealhotel.it\/wp-content\/uploads\/2017\/02\/ristorante-hotel-ideal-ischia.jpg\" \/>\n\t<meta property=\"og:image:width\" content=\"1600\" \/>\n\t<meta property=\"og:image:height\" content=\"900\" \/>\n\t<meta property=\"og:image:type\" content=\"image\/jpeg\" \/>\n<meta name=\"twitter:card\" content=\"summary_large_image\" \/>\n<meta name=\"twitter:site\" content=\"@IdealIschia\" \/>\n<meta name=\"twitter:label1\" content=\"Gesch\u00e4tzte Lesezeit\" \/>\n\t<meta name=\"twitter:data1\" content=\"5\u00a0Minuten\" \/>\n<script type=\"application\/ld+json\" class=\"yoast-schema-graph\">{\"@context\":\"https:\/\/schema.org\",\"@graph\":[{\"@type\":\"WebPage\",\"@id\":\"https:\/\/www.idealhotel.it\/de\/restaurant\/\",\"url\":\"https:\/\/www.idealhotel.it\/de\/restaurant\/\",\"name\":\"Hotel Ideal Restaurant - Drei\u00adster\u00adne\u00adho\u00adtel Insel Ischia\",\"isPartOf\":{\"@id\":\"https:\/\/www.idealhotel.it\/#website\"},\"primaryImageOfPage\":{\"@id\":\"https:\/\/www.idealhotel.it\/de\/restaurant\/#primaryimage\"},\"image\":{\"@id\":\"https:\/\/www.idealhotel.it\/de\/restaurant\/#primaryimage\"},\"thumbnailUrl\":\"https:\/\/www.idealhotel.it\/wp-content\/uploads\/2017\/02\/ristorante-hotel-ideal-ischia.jpg\",\"datePublished\":\"2018-03-21T15:23:14+00:00\",\"dateModified\":\"2018-03-22T02:10:56+00:00\",\"description\":\"Mediterrane K\u00fcche. Ein erlebnis von raffinierter einfachheit - k\u00fcche, leidenschaft und hingabe.\",\"breadcrumb\":{\"@id\":\"https:\/\/www.idealhotel.it\/de\/restaurant\/#breadcrumb\"},\"inLanguage\":\"de\",\"potentialAction\":[{\"@type\":\"ReadAction\",\"target\":[\"https:\/\/www.idealhotel.it\/de\/restaurant\/\"]}]},{\"@type\":\"ImageObject\",\"inLanguage\":\"de\",\"@id\":\"https:\/\/www.idealhotel.it\/de\/restaurant\/#primaryimage\",\"url\":\"https:\/\/www.idealhotel.it\/wp-content\/uploads\/2017\/02\/ristorante-hotel-ideal-ischia.jpg\",\"contentUrl\":\"https:\/\/www.idealhotel.it\/wp-content\/uploads\/2017\/02\/ristorante-hotel-ideal-ischia.jpg\",\"width\":1600,\"height\":900,\"caption\":\"Il Ristorante dell'Hotel Ideal di Ischia\"},{\"@type\":\"BreadcrumbList\",\"@id\":\"https:\/\/www.idealhotel.it\/de\/restaurant\/#breadcrumb\",\"itemListElement\":[{\"@type\":\"ListItem\",\"position\":1,\"name\":\"Home\",\"item\":\"https:\/\/www.idealhotel.it\/de\/home-2-2\/\"},{\"@type\":\"ListItem\",\"position\":2,\"name\":\"Ristorante\"}]},{\"@type\":\"WebSite\",\"@id\":\"https:\/\/www.idealhotel.it\/#website\",\"url\":\"https:\/\/www.idealhotel.it\/\",\"name\":\"Boutique Hotel Ideal\",\"description\":\"hotel sul mare per la tua vacanza ideale a Ischia\",\"potentialAction\":[{\"@type\":\"SearchAction\",\"target\":{\"@type\":\"EntryPoint\",\"urlTemplate\":\"https:\/\/www.idealhotel.it\/?s={search_term_string}\"},\"query-input\":{\"@type\":\"PropertyValueSpecification\",\"valueRequired\":true,\"valueName\":\"search_term_string\"}}],\"inLanguage\":\"de\"}]}<\/script>\n<!-- \/ Yoast SEO Premium plugin. -->","yoast_head_json":{"title":"Hotel Ideal Restaurant - Drei\u00adster\u00adne\u00adho\u00adtel Insel Ischia","description":"Mediterrane K\u00fcche. Ein erlebnis von raffinierter einfachheit - k\u00fcche, leidenschaft und hingabe.","robots":{"index":"index","follow":"follow","max-snippet":"max-snippet:-1","max-image-preview":"max-image-preview:large","max-video-preview":"max-video-preview:-1"},"canonical":"https:\/\/www.idealhotel.it\/de\/restaurant\/","og_locale":"de_DE","og_type":"article","og_title":"Ristorante","og_description":"Mediterrane K\u00fcche. Ein erlebnis von raffinierter einfachheit - k\u00fcche, leidenschaft und hingabe.","og_url":"https:\/\/www.idealhotel.it\/de\/restaurant\/","og_site_name":"Boutique Hotel Ideal","article_publisher":"https:\/\/www.facebook.com\/hotelidealischia","article_modified_time":"2018-03-22T02:10:56+00:00","og_image":[{"width":1600,"height":900,"url":"https:\/\/www.idealhotel.it\/wp-content\/uploads\/2017\/02\/ristorante-hotel-ideal-ischia.jpg","type":"image\/jpeg"}],"twitter_card":"summary_large_image","twitter_site":"@IdealIschia","twitter_misc":{"Gesch\u00e4tzte Lesezeit":"5\u00a0Minuten"},"schema":{"@context":"https:\/\/schema.org","@graph":[{"@type":"WebPage","@id":"https:\/\/www.idealhotel.it\/de\/restaurant\/","url":"https:\/\/www.idealhotel.it\/de\/restaurant\/","name":"Hotel Ideal Restaurant - Drei\u00adster\u00adne\u00adho\u00adtel Insel Ischia","isPartOf":{"@id":"https:\/\/www.idealhotel.it\/#website"},"primaryImageOfPage":{"@id":"https:\/\/www.idealhotel.it\/de\/restaurant\/#primaryimage"},"image":{"@id":"https:\/\/www.idealhotel.it\/de\/restaurant\/#primaryimage"},"thumbnailUrl":"https:\/\/www.idealhotel.it\/wp-content\/uploads\/2017\/02\/ristorante-hotel-ideal-ischia.jpg","datePublished":"2018-03-21T15:23:14+00:00","dateModified":"2018-03-22T02:10:56+00:00","description":"Mediterrane K\u00fcche. Ein erlebnis von raffinierter einfachheit - k\u00fcche, leidenschaft und hingabe.","breadcrumb":{"@id":"https:\/\/www.idealhotel.it\/de\/restaurant\/#breadcrumb"},"inLanguage":"de","potentialAction":[{"@type":"ReadAction","target":["https:\/\/www.idealhotel.it\/de\/restaurant\/"]}]},{"@type":"ImageObject","inLanguage":"de","@id":"https:\/\/www.idealhotel.it\/de\/restaurant\/#primaryimage","url":"https:\/\/www.idealhotel.it\/wp-content\/uploads\/2017\/02\/ristorante-hotel-ideal-ischia.jpg","contentUrl":"https:\/\/www.idealhotel.it\/wp-content\/uploads\/2017\/02\/ristorante-hotel-ideal-ischia.jpg","width":1600,"height":900,"caption":"Il Ristorante dell'Hotel Ideal di Ischia"},{"@type":"BreadcrumbList","@id":"https:\/\/www.idealhotel.it\/de\/restaurant\/#breadcrumb","itemListElement":[{"@type":"ListItem","position":1,"name":"Home","item":"https:\/\/www.idealhotel.it\/de\/home-2-2\/"},{"@type":"ListItem","position":2,"name":"Ristorante"}]},{"@type":"WebSite","@id":"https:\/\/www.idealhotel.it\/#website","url":"https:\/\/www.idealhotel.it\/","name":"Boutique Hotel Ideal","description":"hotel sul mare per la tua vacanza ideale a Ischia","potentialAction":[{"@type":"SearchAction","target":{"@type":"EntryPoint","urlTemplate":"https:\/\/www.idealhotel.it\/?s={search_term_string}"},"query-input":{"@type":"PropertyValueSpecification","valueRequired":true,"valueName":"search_term_string"}}],"inLanguage":"de"}]}},"_links":{"self":[{"href":"https:\/\/www.idealhotel.it\/de\/wp-json\/wp\/v2\/pages\/718","targetHints":{"allow":["GET"]}}],"collection":[{"href":"https:\/\/www.idealhotel.it\/de\/wp-json\/wp\/v2\/pages"}],"about":[{"href":"https:\/\/www.idealhotel.it\/de\/wp-json\/wp\/v2\/types\/page"}],"author":[{"embeddable":true,"href":"https:\/\/www.idealhotel.it\/de\/wp-json\/wp\/v2\/users\/2"}],"replies":[{"embeddable":true,"href":"https:\/\/www.idealhotel.it\/de\/wp-json\/wp\/v2\/comments?post=718"}],"version-history":[{"count":5,"href":"https:\/\/www.idealhotel.it\/de\/wp-json\/wp\/v2\/pages\/718\/revisions"}],"predecessor-version":[{"id":773,"href":"https:\/\/www.idealhotel.it\/de\/wp-json\/wp\/v2\/pages\/718\/revisions\/773"}],"wp:featuredmedia":[{"embeddable":true,"href":"https:\/\/www.idealhotel.it\/de\/wp-json\/wp\/v2\/media\/75"}],"wp:attachment":[{"href":"https:\/\/www.idealhotel.it\/de\/wp-json\/wp\/v2\/media?parent=718"}],"curies":[{"name":"wp","href":"https:\/\/api.w.org\/{rel}","templated":true}]}}