{"id":713,"date":"2018-03-21T15:08:31","date_gmt":"2018-03-21T14:08:31","guid":{"rendered":"http:\/\/www.idealhotel.it\/?page_id=713"},"modified":"2018-03-22T03:12:46","modified_gmt":"2018-03-22T02:12:46","slug":"hoteldienstleistungen","status":"publish","type":"page","link":"https:\/\/www.idealhotel.it\/de\/hoteldienstleistungen\/","title":{"rendered":"Servizi"},"content":{"rendered":"<div class=\"wpb-content-wrapper\"><p>[vc_row row_padding_bottom=&#8221;padding_bottom_none&#8221;][vc_column][plethora_headinggroup subtitle=&#8221;perfekter Urlaub&#8221; background_title=&#8221;IDEAL&#8221; divider=&#8221;1&#8243;]<\/p>\n<h2>HOTELDIENSTLEISTUNGEN<\/h2>\n<p>[\/plethora_headinggroup][\/vc_column][\/vc_row][vc_row row_padding_top=&#8221;padding_top_1-4&#8243;][vc_column][vc_row_inner equal_height=&#8221;yes&#8221;][vc_column_inner width=&#8221;1\/2&#8243; offset=&#8221;vc_col-md-4 vc_col-xs-12&#8243;][plethora_teaserbox orientation_style=&#8221;vertical&#8221; title=&#8221;Bar&#8221; media_type=&#8221;icon&#8221; icon=&#8221;fa fa-glass&#8221; media_colorset=&#8221;transparent&#8221;]Das Hotel verf\u00fcgt \u00fcber eine wunderh\u00fcbsche Snackbar mit Gartenterrasse, wo Sie die typischen &#8220;K\u00f6stlichkeiten&#8221; der Insel Ischia probieren k\u00f6nnen.[\/plethora_teaserbox][\/vc_column_inner][vc_column_inner width=&#8221;1\/2&#8243; offset=&#8221;vc_col-md-4 vc_col-xs-12&#8243;][plethora_teaserbox orientation_style=&#8221;vertical&#8221; title=&#8221;Pools&#8221; media_type=&#8221;icon&#8221; icon=&#8221;hi hi-swimming-pool-1&#8243; media_colorset=&#8221;transparent&#8221;]Zwei Pools, einer mit 38\u00b0 warmem Wasser und einer mit Umgebungstemperatur, beide mit Unterwassermassage und Gegenstrom-Schwimmen.[\/plethora_teaserbox][\/vc_column_inner][vc_column_inner width=&#8221;1\/2&#8243; offset=&#8221;vc_col-md-4 vc_col-xs-12&#8243;][plethora_teaserbox orientation_style=&#8221;vertical&#8221; title=&#8221;Solarium&#8221; media_type=&#8221;icon&#8221; icon=&#8221;fa fa-sun-o&#8221; media_colorset=&#8221;transparent&#8221;]Das Solarium befindet sich neben dem \u00fcppigen Garten und umgibt die beiden Pools. Es ist ausgestattet mit Liegen und Sonnenschirmen f\u00fcr maximale Entspannung.[\/plethora_teaserbox][\/vc_column_inner][vc_column_inner width=&#8221;1\/2&#8243; offset=&#8221;vc_col-md-4 vc_col-xs-12&#8243;][plethora_teaserbox orientation_style=&#8221;vertical&#8221; title=&#8221;FERNSEHRAUM&#8221; media_type=&#8221;icon&#8221; icon=&#8221;fa fa-desktop&#8221; media_colorset=&#8221;transparent&#8221;]Den G\u00e4sten stehen ein komfortabler Fernsehraum mit gro\u00dfem Bildschirm und ein Lesesaal f\u00fcr diejenigen zur Verf\u00fcgung, die sich wie zu Hause entspannen m\u00f6chten.[\/plethora_teaserbox][\/vc_column_inner][vc_column_inner width=&#8221;1\/2&#8243; offset=&#8221;vc_col-md-4 vc_col-xs-12&#8243;][plethora_teaserbox orientation_style=&#8221;vertical&#8221; title=&#8221;VERMIETUNG&#8221; media_type=&#8221;icon&#8221; icon=&#8221;fa fa-motorcycle&#8221; media_colorset=&#8221;transparent&#8221;]Autos, Motorroller oder Fahrr\u00e4der, um alle Ansichten der Insel Ischia vollst\u00e4ndig und unabh\u00e4ngig zu erleben. Auf Anfrage und gegen Bezahlung.[\/plethora_teaserbox][\/vc_column_inner][vc_column_inner width=&#8221;1\/2&#8243; offset=&#8221;vc_col-md-4 vc_col-xs-12&#8243;][plethora_teaserbox orientation_style=&#8221;vertical&#8221; title=&#8221;PARKPLATZ&#8221; media_type=&#8221;icon&#8221; icon=&#8221;fa fa-car&#8221; media_colorset=&#8221;transparent&#8221;]Das Hotel Ideal verf\u00fcgt neben dem Hotel \u00fcber einen gro\u00dfen privaten Parkplatz f\u00fcr G\u00e4ste, die die Insel mit dem Auto erreichen.[\/plethora_teaserbox][\/vc_column_inner][\/vc_row_inner][vc_row_inner equal_height=&#8221;yes&#8221;][vc_column_inner width=&#8221;1\/2&#8243; offset=&#8221;vc_col-md-4 vc_col-xs-12&#8243;][plethora_teaserbox orientation_style=&#8221;vertical&#8221; title=&#8221;GAL\u00c0&#8221; media_type=&#8221;icon&#8221; icon=&#8221;fa fa-music&#8221; media_colorset=&#8221;transparent&#8221;]Vom Hotel Ideal ausgerichtete Veranstaltungen mit exklusivem Zugang f\u00fcr G\u00e4ste, umgeben von einer magischen Atmosph\u00e4re und begleitet von guter Musik.[\/plethora_teaserbox][\/vc_column_inner][vc_column_inner width=&#8221;1\/2&#8243; offset=&#8221;vc_col-md-4 vc_col-xs-12&#8243;][plethora_teaserbox orientation_style=&#8221;vertical&#8221; title=&#8221;Transfer&#8221; media_type=&#8221;icon&#8221; icon=&#8221;fa fa-bus&#8221; media_colorset=&#8221;transparent&#8221;]Auf Wunsch holen wir Sie von den wichtigsten H\u00e4fen der Insel Ischia ab und bringen Sie wieder hin: Porto di Forio, Porto di Casamicciola Terme und Ischia Porto.[\/plethora_teaserbox][\/vc_column_inner][vc_column_inner width=&#8221;1\/2&#8243; offset=&#8221;vc_col-md-4 vc_col-xs-12&#8243;][plethora_teaserbox orientation_style=&#8221;vertical&#8221; title=&#8221;WLAN&#8221; media_type=&#8221;icon&#8221; icon=&#8221;fa fa-wifi&#8221; media_colorset=&#8221;transparent&#8221;]Das Hotel ist in allen Gemeinschaftsbereichen, im Garten und in allen Zimmern mit WLAN (DSL) ausgestattet. Kostenloser Service[\/plethora_teaserbox][\/vc_column_inner][\/vc_row_inner][\/vc_column][\/vc_row][vc_row row_padding_bottom=&#8221;padding_bottom_none&#8221;][vc_column][plethora_headinggroup subtitle=&#8221;IN PARTNERSCHAFT MIT DEN BESTEN ANBIETERN&#8221; background_title=&#8221;IDEAL&#8221; divider=&#8221;1&#8243;]<\/p>\n<h2>PARTNERLEISTUNGEN<\/h2>\n<p>[\/plethora_headinggroup][\/vc_column][\/vc_row][vc_row row_padding_top=&#8221;padding_top_none&#8221; row_padding_bottom=&#8221;padding_bottom_none&#8221;][vc_column width=&#8221;1\/3&#8243;][plethora_teaserbox orientation_style=&#8221;vertical&#8221; title=&#8221;Thermalpark&#8221; subtitle=&#8221;Relax&#8221; image=&#8221;87&#8243;][\/plethora_teaserbox][\/vc_column][vc_column width=&#8221;1\/3&#8243;][plethora_teaserbox orientation_style=&#8221;vertical&#8221; title=&#8221;Diving &amp; Snorkeling&#8221; subtitle=&#8221;Aktivit\u00e4t&#8221; teaser_link=&#8221;|||&#8221; image=&#8221;88&#8243;][\/plethora_teaserbox][\/vc_column][vc_column width=&#8221;1\/3&#8243;][plethora_teaserbox orientation_style=&#8221;vertical&#8221; title=&#8221;Reiten&#8221; subtitle=&#8221;Sport&#8221; image=&#8221;89&#8243;][\/plethora_teaserbox][\/vc_column][\/vc_row][vc_row row_padding_top=&#8221;padding_top_none&#8221; row_padding_bottom=&#8221;padding_bottom_none&#8221;][vc_column width=&#8221;1\/3&#8243;][plethora_teaserbox orientation_style=&#8221;vertical&#8221; title=&#8221;Trekking&#8221; subtitle=&#8221;Sport&#8221; image=&#8221;90&#8243;][\/plethora_teaserbox][\/vc_column][vc_column width=&#8221;1\/3&#8243;][plethora_teaserbox orientation_style=&#8221;vertical&#8221; title=&#8221;Segelboot&#8221; subtitle=&#8221;Aktivit\u00e4t&#8221; image=&#8221;91&#8243;][\/plethora_teaserbox][\/vc_column][vc_column width=&#8221;1\/3&#8243;][plethora_teaserbox orientation_style=&#8221;vertical&#8221; title=&#8221;Tennis&#8221; subtitle=&#8221;Sport&#8221; image=&#8221;92&#8243;][\/plethora_teaserbox][\/vc_column][\/vc_row][vc_row full_width=&#8221;stretch_row&#8221; row_padding_top=&#8221;padding_top_none&#8221; row_padding_bottom=&#8221;padding_bottom_none&#8221;][vc_column][vc_column_text]<\/p>\n<p style=\"text-align: center;\">Z\u00f6gern Sie bitte nicht, uns vor der Buchung Ihres Urlaubs zu kontaktieren. Wenn Sie unseren Partner-Service in Anspruch nehmen m\u00f6chten, helfen wir Ihnen bei der Auswahl und Planung der verschiedenen verf\u00fcgbaren Aktivit\u00e4ten, um Ihren Aufenthalt auf Ischia zu einem unvergesslichen, vor allem aber auch zu einem Erlebnis zu machen, dass Sie bald wiederholen m\u00f6chten.<\/p>\n<p>[\/vc_column_text][\/vc_column][\/vc_row][vc_row row_padding_top=&#8221;padding_top_none&#8221;][vc_column][plethora_button button_text=&#8221;KONTAKTE&#8221; button_link=&#8221;url:http%3A%2F%2Fwww.idealhotel.it%2Fde%2Fkontakte%2F|||&#8221; button_size=&#8221;btn-lg&#8221; button_align=&#8221;text-center&#8221; button_with_icon=&#8221;0&#8243;][\/vc_column][\/vc_row][vc_row full_width=&#8221;stretch_row&#8221; color_set=&#8221;black_section&#8221; transparent=&#8221;transparent&#8221; transparent_overlay=&#8221;transparent_film&#8221; row_padding_top=&#8221;padding_top_2-3&#8243; row_padding_bottom=&#8221;padding_bottom_1-2&#8243; css=&#8221;.vc_custom_1487813293173{background-image: url(http:\/\/www.idealhotel.it\/wp-content\/uploads\/2017\/02\/yoga-ad-ischia-hotel-ideal.jpg?id=86) !important;}&#8221;][vc_column width=&#8221;2\/3&#8243; offset=&#8221;vc_col-sm-offset-2&#8243;][plethora_headinggroup divider=&#8221;&#8221;]<\/p>\n<h2>HOTEL IDEAL YOGA<\/h2>\n<p>[\/plethora_headinggroup][vc_column_text]<\/p>\n<p style=\"text-align: center;\">Erleben Sie die exklusive <strong>Relax Body &amp; Mind<\/strong> Erfahrung von Hotel Ideal. Ein revitalisierender und suggestiver Yoga-Pfad.<\/p>\n<p>[\/vc_column_text][plethora_button button_text=&#8221;WEITERLESEN&#8221; button_align=&#8221;text-center&#8221; button_style=&#8221;btn-white&#8221; button_style2=&#8221;btn btn-inv&#8221; button_with_icon=&#8221;0&#8243;][\/vc_column][\/vc_row]<\/p>\n<\/div>","protected":false},"excerpt":{"rendered":"<p>[vc_row row_padding_bottom=&#8221;padding_bottom_none&#8221;][vc_column][plethora_headinggroup subtitle=&#8221;perfekter Urlaub&#8221; background_title=&#8221;IDEAL&#8221; divider=&#8221;1&#8243;] HOTELDIENSTLEISTUNGEN [\/plethora_headinggroup][\/vc_column][\/vc_row][vc_row row_padding_top=&#8221;padding_top_1-4&#8243;][vc_column][vc_row_inner equal_height=&#8221;yes&#8221;][vc_column_inner width=&#8221;1\/2&#8243; offset=&#8221;vc_col-md-4 vc_col-xs-12&#8243;][plethora_teaserbox orientation_style=&#8221;vertical&#8221; title=&#8221;Bar&#8221; media_type=&#8221;icon&#8221; icon=&#8221;fa fa-glass&#8221; media_colorset=&#8221;transparent&#8221;]Das Hotel verf\u00fcgt \u00fcber eine wunderh\u00fcbsche Snackbar mit Gartenterrasse, wo Sie die typischen &#8220;K\u00f6stlichkeiten&#8221; der Insel Ischia probieren k\u00f6nnen.[\/plethora_teaserbox][\/vc_column_inner][vc_column_inner width=&#8221;1\/2&#8243; offset=&#8221;vc_col-md-4 vc_col-xs-12&#8243;][plethora_teaserbox orientation_style=&#8221;vertical&#8221; title=&#8221;Pools&#8221; media_type=&#8221;icon&#8221; icon=&#8221;hi hi-swimming-pool-1&#8243; media_colorset=&#8221;transparent&#8221;]Zwei Pools, einer mit 38\u00b0&#8230;<\/p>\n","protected":false},"author":2,"featured_media":0,"parent":0,"menu_order":0,"comment_status":"closed","ping_status":"closed","template":"templates\/home-page.php","meta":{"_themeisle_gutenberg_block_has_review":false,"footnotes":""},"class_list":["post-713","page","type-page","status-publish","hentry"],"yoast_head":"<!-- This site is optimized with the Yoast SEO Premium plugin v22.7 (Yoast SEO v26.2) - https:\/\/yoast.com\/wordpress\/plugins\/seo\/ -->\n<title>Hotel Ideal Drei\u00adster\u00adne\u00adho\u00adtel - Hoteldienstleistungen Insel Ischia<\/title>\n<meta name=\"description\" content=\"Qualit\u00e4t und Gastfreundschaft: Bar, pools, solarium, Fernsehraum, Vermietung, Parkplatz, Gal\u00e0, Transfer, Wlan\" \/>\n<meta name=\"robots\" content=\"index, follow, max-snippet:-1, max-image-preview:large, max-video-preview:-1\" \/>\n<link rel=\"canonical\" href=\"https:\/\/www.idealhotel.it\/de\/hoteldienstleistungen\/\" \/>\n<meta property=\"og:locale\" content=\"de_DE\" \/>\n<meta property=\"og:type\" content=\"article\" \/>\n<meta property=\"og:title\" content=\"Servizi\" \/>\n<meta property=\"og:description\" content=\"Qualit\u00e4t und Gastfreundschaft: Bar, pools, solarium, Fernsehraum, Vermietung, Parkplatz, Gal\u00e0, Transfer, Wlan\" \/>\n<meta property=\"og:url\" content=\"https:\/\/www.idealhotel.it\/de\/hoteldienstleistungen\/\" \/>\n<meta property=\"og:site_name\" content=\"Boutique Hotel Ideal\" \/>\n<meta property=\"article:publisher\" content=\"https:\/\/www.facebook.com\/hotelidealischia\" \/>\n<meta property=\"article:modified_time\" content=\"2018-03-22T02:12:46+00:00\" \/>\n<meta property=\"og:image\" content=\"https:\/\/www.idealhotel.it\/wp-content\/uploads\/2017\/02\/servizi-hotel-ideal.jpg\" \/>\n\t<meta property=\"og:image:width\" content=\"1600\" \/>\n\t<meta property=\"og:image:height\" content=\"900\" \/>\n\t<meta property=\"og:image:type\" content=\"image\/jpeg\" \/>\n<meta name=\"twitter:card\" content=\"summary_large_image\" \/>\n<meta name=\"twitter:site\" content=\"@IdealIschia\" \/>\n<meta name=\"twitter:label1\" content=\"Gesch\u00e4tzte Lesezeit\" \/>\n\t<meta name=\"twitter:data1\" content=\"5\u00a0Minuten\" \/>\n<script type=\"application\/ld+json\" class=\"yoast-schema-graph\">{\"@context\":\"https:\/\/schema.org\",\"@graph\":[{\"@type\":\"WebPage\",\"@id\":\"https:\/\/www.idealhotel.it\/de\/hoteldienstleistungen\/\",\"url\":\"https:\/\/www.idealhotel.it\/de\/hoteldienstleistungen\/\",\"name\":\"Hotel Ideal Drei\u00adster\u00adne\u00adho\u00adtel - Hoteldienstleistungen Insel Ischia\",\"isPartOf\":{\"@id\":\"https:\/\/www.idealhotel.it\/#website\"},\"datePublished\":\"2018-03-21T14:08:31+00:00\",\"dateModified\":\"2018-03-22T02:12:46+00:00\",\"description\":\"Qualit\u00e4t und Gastfreundschaft: Bar, pools, solarium, Fernsehraum, Vermietung, Parkplatz, Gal\u00e0, Transfer, Wlan\",\"breadcrumb\":{\"@id\":\"https:\/\/www.idealhotel.it\/de\/hoteldienstleistungen\/#breadcrumb\"},\"inLanguage\":\"de\",\"potentialAction\":[{\"@type\":\"ReadAction\",\"target\":[\"https:\/\/www.idealhotel.it\/de\/hoteldienstleistungen\/\"]}]},{\"@type\":\"BreadcrumbList\",\"@id\":\"https:\/\/www.idealhotel.it\/de\/hoteldienstleistungen\/#breadcrumb\",\"itemListElement\":[{\"@type\":\"ListItem\",\"position\":1,\"name\":\"Home\",\"item\":\"https:\/\/www.idealhotel.it\/de\/home-2-2\/\"},{\"@type\":\"ListItem\",\"position\":2,\"name\":\"Servizi\"}]},{\"@type\":\"WebSite\",\"@id\":\"https:\/\/www.idealhotel.it\/#website\",\"url\":\"https:\/\/www.idealhotel.it\/\",\"name\":\"Boutique Hotel Ideal\",\"description\":\"hotel sul mare per la tua vacanza ideale a Ischia\",\"potentialAction\":[{\"@type\":\"SearchAction\",\"target\":{\"@type\":\"EntryPoint\",\"urlTemplate\":\"https:\/\/www.idealhotel.it\/?s={search_term_string}\"},\"query-input\":{\"@type\":\"PropertyValueSpecification\",\"valueRequired\":true,\"valueName\":\"search_term_string\"}}],\"inLanguage\":\"de\"}]}<\/script>\n<!-- \/ Yoast SEO Premium plugin. -->","yoast_head_json":{"title":"Hotel Ideal Drei\u00adster\u00adne\u00adho\u00adtel - Hoteldienstleistungen Insel Ischia","description":"Qualit\u00e4t und Gastfreundschaft: Bar, pools, solarium, Fernsehraum, Vermietung, Parkplatz, Gal\u00e0, Transfer, Wlan","robots":{"index":"index","follow":"follow","max-snippet":"max-snippet:-1","max-image-preview":"max-image-preview:large","max-video-preview":"max-video-preview:-1"},"canonical":"https:\/\/www.idealhotel.it\/de\/hoteldienstleistungen\/","og_locale":"de_DE","og_type":"article","og_title":"Servizi","og_description":"Qualit\u00e4t und Gastfreundschaft: Bar, pools, solarium, Fernsehraum, Vermietung, Parkplatz, Gal\u00e0, Transfer, Wlan","og_url":"https:\/\/www.idealhotel.it\/de\/hoteldienstleistungen\/","og_site_name":"Boutique Hotel Ideal","article_publisher":"https:\/\/www.facebook.com\/hotelidealischia","article_modified_time":"2018-03-22T02:12:46+00:00","og_image":[{"width":1600,"height":900,"url":"https:\/\/www.idealhotel.it\/wp-content\/uploads\/2017\/02\/servizi-hotel-ideal.jpg","type":"image\/jpeg"}],"twitter_card":"summary_large_image","twitter_site":"@IdealIschia","twitter_misc":{"Gesch\u00e4tzte Lesezeit":"5\u00a0Minuten"},"schema":{"@context":"https:\/\/schema.org","@graph":[{"@type":"WebPage","@id":"https:\/\/www.idealhotel.it\/de\/hoteldienstleistungen\/","url":"https:\/\/www.idealhotel.it\/de\/hoteldienstleistungen\/","name":"Hotel Ideal Drei\u00adster\u00adne\u00adho\u00adtel - Hoteldienstleistungen Insel Ischia","isPartOf":{"@id":"https:\/\/www.idealhotel.it\/#website"},"datePublished":"2018-03-21T14:08:31+00:00","dateModified":"2018-03-22T02:12:46+00:00","description":"Qualit\u00e4t und Gastfreundschaft: Bar, pools, solarium, Fernsehraum, Vermietung, Parkplatz, Gal\u00e0, Transfer, Wlan","breadcrumb":{"@id":"https:\/\/www.idealhotel.it\/de\/hoteldienstleistungen\/#breadcrumb"},"inLanguage":"de","potentialAction":[{"@type":"ReadAction","target":["https:\/\/www.idealhotel.it\/de\/hoteldienstleistungen\/"]}]},{"@type":"BreadcrumbList","@id":"https:\/\/www.idealhotel.it\/de\/hoteldienstleistungen\/#breadcrumb","itemListElement":[{"@type":"ListItem","position":1,"name":"Home","item":"https:\/\/www.idealhotel.it\/de\/home-2-2\/"},{"@type":"ListItem","position":2,"name":"Servizi"}]},{"@type":"WebSite","@id":"https:\/\/www.idealhotel.it\/#website","url":"https:\/\/www.idealhotel.it\/","name":"Boutique Hotel Ideal","description":"hotel sul mare per la tua vacanza ideale a Ischia","potentialAction":[{"@type":"SearchAction","target":{"@type":"EntryPoint","urlTemplate":"https:\/\/www.idealhotel.it\/?s={search_term_string}"},"query-input":{"@type":"PropertyValueSpecification","valueRequired":true,"valueName":"search_term_string"}}],"inLanguage":"de"}]}},"_links":{"self":[{"href":"https:\/\/www.idealhotel.it\/de\/wp-json\/wp\/v2\/pages\/713","targetHints":{"allow":["GET"]}}],"collection":[{"href":"https:\/\/www.idealhotel.it\/de\/wp-json\/wp\/v2\/pages"}],"about":[{"href":"https:\/\/www.idealhotel.it\/de\/wp-json\/wp\/v2\/types\/page"}],"author":[{"embeddable":true,"href":"https:\/\/www.idealhotel.it\/de\/wp-json\/wp\/v2\/users\/2"}],"replies":[{"embeddable":true,"href":"https:\/\/www.idealhotel.it\/de\/wp-json\/wp\/v2\/comments?post=713"}],"version-history":[{"count":5,"href":"https:\/\/www.idealhotel.it\/de\/wp-json\/wp\/v2\/pages\/713\/revisions"}],"predecessor-version":[{"id":774,"href":"https:\/\/www.idealhotel.it\/de\/wp-json\/wp\/v2\/pages\/713\/revisions\/774"}],"wp:attachment":[{"href":"https:\/\/www.idealhotel.it\/de\/wp-json\/wp\/v2\/media?parent=713"}],"curies":[{"name":"wp","href":"https:\/\/api.w.org\/{rel}","templated":true}]}}