{"id":1050,"date":"2017-02-23T14:45:45","date_gmt":"2017-02-23T13:45:45","guid":{"rendered":"http:\/\/www.idealhotel.it\/sicurezza\/"},"modified":"2020-06-09T22:58:42","modified_gmt":"2020-06-09T20:58:42","slug":"sicherheit","status":"publish","type":"page","link":"https:\/\/www.idealhotel.it\/de\/sicherheit\/","title":{"rendered":"Sicurezza"},"content":{"rendered":"<div class=\"wpb-content-wrapper\"><p>[vc_row full_width=&#8221;stretch_row&#8221; color_set=&#8221;white_section&#8221; row_padding_bottom=&#8221;padding_bottom_none&#8221;][vc_column][plethora_headinggroup subtitle=&#8221;Sommer auf Ischia mit Sicherheit und Qualit\u00e4t&#8221; divider=&#8221;1&#8243;]<\/p>\n<h1>SICHERHEITSMA\u00dfNAHMEN<\/h1>\n<p>[\/plethora_headinggroup][vc_empty_space][\/vc_column][\/vc_row][vc_row full_width=&#8221;stretch_row&#8221; color_set=&#8221;white_section&#8221; row_padding_top=&#8221;padding_top_none&#8221;][vc_column width=&#8221;1\/3&#8243;][plethora_teaserbox orientation_style=&#8221;vertical&#8221; title=&#8221;HOTEL STRUKTUR&#8221; image=&#8221;1027&#8243;]General Desinfektion der internen bis externen Struktur, Parkplatz inbegriffen, mit Produkten auf Basis von Ipoklorit.[\/plethora_teaserbox][\/vc_column][vc_column width=&#8221;1\/3&#8243;][plethora_teaserbox orientation_style=&#8221;vertical&#8221; title=&#8221;KLIMAANLAGEN&#8221; image=&#8221;1028&#8243;]General Reinigung der Klimaanlage und vollgender Desinfektion der totalen R\u00e4umlichkeiten.[\/plethora_teaserbox][\/vc_column][vc_column width=&#8221;1\/3&#8243;][plethora_teaserbox orientation_style=&#8221;vertical&#8221; title=&#8221;GEMEINSCHAFTSR\u00c4UME&#8221; image=&#8221;1042&#8243;]Totale Desinfektion der Toiletten, Liegesth\u00fcle und gemeindschaftspl\u00e4tze mehrere male am Tag.[\/plethora_teaserbox][\/vc_column][\/vc_row][vc_row full_width=&#8221;stretch_row&#8221; color_set=&#8221;white_section&#8221; row_padding_top=&#8221;padding_top_none&#8221;][vc_column width=&#8221;1\/3&#8243;][plethora_teaserbox orientation_style=&#8221;vertical&#8221; title=&#8221;DISPENSER&#8221; image=&#8221;1029&#8243;]Im ganzen Hotelbereich treffen Sie Desinfektion Dispenser.[\/plethora_teaserbox][\/vc_column][vc_column width=&#8221;1\/3&#8243;][plethora_teaserbox orientation_style=&#8221;vertical&#8221; title=&#8221;STAFF&#8221; image=&#8221;1040&#8243;]Das Hotelteam ist ausgebildet nach der Norm des Sars-Cov2.[\/plethora_teaserbox][\/vc_column][vc_column width=&#8221;1\/3&#8243;][plethora_teaserbox orientation_style=&#8221;vertical&#8221; title=&#8221;PRODUKTE&#8221; image=&#8221;1031&#8243;]F\u00fcr die t\u00e4gliche Reinigung der allgemein Struktur, auch die Zimmer, werden peroxid Produkte benutzt.[\/plethora_teaserbox][\/vc_column][\/vc_row][vc_row full_width=&#8221;stretch_row&#8221; color_set=&#8221;white_section&#8221; row_padding_top=&#8221;padding_top_none&#8221;][vc_column width=&#8221;1\/3&#8243;][plethora_teaserbox orientation_style=&#8221;vertical&#8221; title=&#8221;ABSTAND&#8221; image=&#8221;1032&#8243;]Das Hotel verf\u00fcgt \u00fcber gro\u00dfe Aufenthaltsr\u00e4ume und parkfl\u00e4che somit garantiert es die vorgeschriebenen Distanz.[\/plethora_teaserbox][\/vc_column][vc_column width=&#8221;1\/3&#8243;][plethora_teaserbox orientation_style=&#8221;vertical&#8221; title=&#8221;SOLARIUM&#8221; image=&#8221;1033&#8243;]Gro\u00dfe Solarium Fl\u00e4che garantiert die Distanz zwischen den Liegest\u00fchlen.[\/plethora_teaserbox][\/vc_column][vc_column width=&#8221;1\/3&#8243;][plethora_teaserbox orientation_style=&#8221;vertical&#8221; title=&#8221;ZIMMER&#8221; image=&#8221;1034&#8243;]Wir garantieren die General Desinfektion der Zimmer nach Vorschrift und f\u00fcr jeden Gast ein Safe-Kit.[\/plethora_teaserbox][\/vc_column][\/vc_row][vc_row full_width=&#8221;stretch_row&#8221; color_set=&#8221;white_section&#8221; row_padding_top=&#8221;padding_top_none&#8221;][vc_column width=&#8221;1\/3&#8243;][plethora_teaserbox orientation_style=&#8221;vertical&#8221; title=&#8221;SCHWIMMB\u00c4DER&#8221; image=&#8221;1035&#8243;]Die zwei Schwimmb\u00e4der sind zu Ihrer Verf\u00fcgung und sind mit Vorschriftstabellen ausgezeichnet.[\/plethora_teaserbox][\/vc_column][vc_column width=&#8221;1\/3&#8243;][plethora_teaserbox orientation_style=&#8221;vertical&#8221; title=&#8221;THERME&#8221; image=&#8221;1036&#8243;]Die naheliegende Therme und das SPA sind zu Ihrer Verf\u00fcgung und von einem Gesundheitsdirektor \u00fcberwacht.[\/plethora_teaserbox][\/vc_column][vc_column width=&#8221;1\/3&#8243;][plethora_teaserbox orientation_style=&#8221;vertical&#8221; title=&#8221;BUCHUNGEN&#8221; image=&#8221;1037&#8243;]Flexibilit\u00e4t bei Stornierungen.[\/plethora_teaserbox][\/vc_column][\/vc_row][vc_row full_width=&#8221;stretch_row_content&#8221; content_placement=&#8221;middle&#8221; align=&#8221;text-center&#8221; row_padding_bottom=&#8221;padding_bottom_none&#8221;][vc_column width=&#8221;1\/6&#8243;][\/vc_column][vc_column width=&#8221;2\/3&#8243;][plethora_headinggroup subtitle=&#8221;hotel Ideal Ischia&#8221; divider=&#8221;1&#8243;]<\/p>\n<h2>BUCHT JETZT IHREN URLAUB<\/h2>\n<p>[\/plethora_headinggroup][vc_column_text]<\/p>\n<p style=\"text-align: center;\"><strong>F\u00fcr Info und Buchungen rufen Sie die Nummer +39.081988050 \/\u00a0+39.320717 7474 oder f\u00fcllen Sie das folgende Formular aus<\/strong><\/p>\n<p>[\/vc_column_text]\n<div class=\"wpcf7 no-js\" id=\"wpcf7-f735-o1\" lang=\"it-IT\" dir=\"ltr\" data-wpcf7-id=\"735\">\n<div class=\"screen-reader-response\"><p role=\"status\" aria-live=\"polite\" aria-atomic=\"true\"><\/p> <ul><\/ul><\/div>\n<form action=\"\/de\/wp-json\/wp\/v2\/pages\/1050#wpcf7-f735-o1\" method=\"post\" class=\"wpcf7-form init\" aria-label=\"Modulo di contatto\" novalidate=\"novalidate\" data-status=\"init\">\n<fieldset class=\"hidden-fields-container\"><input type=\"hidden\" name=\"_wpcf7\" value=\"735\" \/><input type=\"hidden\" name=\"_wpcf7_version\" value=\"6.1.2\" \/><input type=\"hidden\" name=\"_wpcf7_locale\" value=\"it_IT\" \/><input type=\"hidden\" name=\"_wpcf7_unit_tag\" value=\"wpcf7-f735-o1\" \/><input type=\"hidden\" name=\"_wpcf7_container_post\" value=\"0\" \/><input type=\"hidden\" name=\"_wpcf7_posted_data_hash\" value=\"\" \/><input type=\"hidden\" name=\"_wpcf7_recaptcha_response\" value=\"\" \/>\n<\/fieldset>\n<p><label> Name (Pflichtfeld)<br \/>\n<span class=\"wpcf7-form-control-wrap\" data-name=\"your-name\"><input size=\"40\" maxlength=\"400\" class=\"wpcf7-form-control wpcf7-text wpcf7-validates-as-required\" aria-required=\"true\" aria-invalid=\"false\" value=\"\" type=\"text\" name=\"your-name\" \/><\/span> <\/label>\n<\/p>\n<p><label> email (Pflichtfeld)<br \/>\n<span class=\"wpcf7-form-control-wrap\" data-name=\"your-email\"><input size=\"40\" maxlength=\"400\" class=\"wpcf7-form-control wpcf7-email wpcf7-validates-as-required wpcf7-text wpcf7-validates-as-email\" aria-required=\"true\" aria-invalid=\"false\" value=\"\" type=\"email\" name=\"your-email\" \/><\/span> <\/label>\n<\/p>\n<p><label> telefon (Pflichtfeld)<br \/>\n<span class=\"wpcf7-form-control-wrap\" data-name=\"your-tel\"><input size=\"40\" maxlength=\"400\" class=\"wpcf7-form-control wpcf7-email wpcf7-validates-as-required wpcf7-text wpcf7-validates-as-email\" aria-required=\"true\" aria-invalid=\"false\" value=\"\" type=\"email\" name=\"your-tel\" \/><\/span> <\/label>\n<\/p>\n<p><label> Betreffzeile<br \/>\n<span class=\"wpcf7-form-control-wrap\" data-name=\"your-subject\"><input size=\"40\" maxlength=\"400\" class=\"wpcf7-form-control wpcf7-text\" aria-invalid=\"false\" value=\"\" type=\"text\" name=\"your-subject\" \/><\/span> <\/label>\n<\/p>\n<p><label> Nachricht<br \/>\n<span class=\"wpcf7-form-control-wrap\" data-name=\"your-message\"><textarea cols=\"40\" rows=\"10\" maxlength=\"2000\" class=\"wpcf7-form-control wpcf7-textarea\" aria-invalid=\"false\" name=\"your-message\"><\/textarea><\/span> <\/label>\n<\/p>\n<p><span class=\"wpcf7-form-control-wrap\" data-name=\"acceptance-433\"><span class=\"wpcf7-form-control wpcf7-acceptance\"><span class=\"wpcf7-list-item\"><input type=\"checkbox\" name=\"acceptance-433\" value=\"1\" aria-invalid=\"false\" \/><\/span><\/span><\/span>Ich gestatte die Verarbeitung meiner personenbezogenen Daten (Privacy Policy)\n<\/p>\n<p><input class=\"wpcf7-form-control wpcf7-submit has-spinner\" type=\"submit\" value=\"Senden\" \/>\n<\/p><div class=\"wpcf7-response-output\" aria-hidden=\"true\"><\/div>\n<\/form>\n<\/div>\n[vc_empty_space height=&#8221;52px&#8221;][\/vc_column][vc_column width=&#8221;1\/6&#8243;][\/vc_column][\/vc_row]<\/p>\n<\/div>","protected":false},"excerpt":{"rendered":"<p>[vc_row full_width=&#8221;stretch_row&#8221; color_set=&#8221;white_section&#8221; row_padding_bottom=&#8221;padding_bottom_none&#8221;][vc_column][plethora_headinggroup subtitle=&#8221;Sommer auf Ischia mit Sicherheit und Qualit\u00e4t&#8221; divider=&#8221;1&#8243;] SICHERHEITSMA\u00dfNAHMEN [\/plethora_headinggroup][vc_empty_space][\/vc_column][\/vc_row][vc_row full_width=&#8221;stretch_row&#8221; color_set=&#8221;white_section&#8221; row_padding_top=&#8221;padding_top_none&#8221;][vc_column width=&#8221;1\/3&#8243;][plethora_teaserbox orientation_style=&#8221;vertical&#8221; title=&#8221;HOTEL STRUKTUR&#8221; image=&#8221;1027&#8243;]General Desinfektion der internen bis externen Struktur, Parkplatz inbegriffen, mit Produkten auf Basis von Ipoklorit.[\/plethora_teaserbox][\/vc_column][vc_column width=&#8221;1\/3&#8243;][plethora_teaserbox orientation_style=&#8221;vertical&#8221; title=&#8221;KLIMAANLAGEN&#8221; image=&#8221;1028&#8243;]General Reinigung der Klimaanlage und vollgender Desinfektion der totalen R\u00e4umlichkeiten.[\/plethora_teaserbox][\/vc_column][vc_column width=&#8221;1\/3&#8243;][plethora_teaserbox&#8230;<\/p>\n","protected":false},"author":2,"featured_media":1009,"parent":0,"menu_order":0,"comment_status":"closed","ping_status":"closed","template":"","meta":{"_themeisle_gutenberg_block_has_review":false,"footnotes":""},"class_list":["post-1050","page","type-page","status-publish","has-post-thumbnail","hentry"],"yoast_head":"<!-- This site is optimized with the Yoast SEO Premium plugin v22.7 (Yoast SEO v26.2) - https:\/\/yoast.com\/wordpress\/plugins\/seo\/ -->\n<title>Die Sicherheitsma\u00dfnahmen f\u00fcr den Sommer 2020 des Ideal Hotels in Ischia<\/title>\n<meta name=\"description\" content=\"Entdecken Sie die au\u00dfergew\u00f6hnlichen Ma\u00dfnahmen, die in die geltenden Gesundheitsvorschriften integriert sind, f\u00fcr einen erholsamen und sicheren Urlaub\" \/>\n<meta name=\"robots\" content=\"index, follow, max-snippet:-1, max-image-preview:large, max-video-preview:-1\" \/>\n<link rel=\"canonical\" href=\"https:\/\/www.idealhotel.it\/de\/sicherheit\/\" \/>\n<meta property=\"og:locale\" content=\"de_DE\" \/>\n<meta property=\"og:type\" content=\"article\" \/>\n<meta property=\"og:title\" content=\"Sicurezza\" \/>\n<meta property=\"og:description\" content=\"Entdecken Sie die au\u00dfergew\u00f6hnlichen Ma\u00dfnahmen, die in die geltenden Gesundheitsvorschriften integriert sind, f\u00fcr einen erholsamen und sicheren Urlaub\" \/>\n<meta property=\"og:url\" content=\"https:\/\/www.idealhotel.it\/de\/sicherheit\/\" \/>\n<meta property=\"og:site_name\" content=\"Boutique Hotel Ideal\" \/>\n<meta property=\"article:publisher\" content=\"https:\/\/www.facebook.com\/hotelidealischia\" \/>\n<meta property=\"article:modified_time\" content=\"2020-06-09T20:58:42+00:00\" \/>\n<meta property=\"og:image\" content=\"https:\/\/www.idealhotel.it\/wp-content\/uploads\/2017\/02\/raggiungere-l-hotel-ideal-ad-ischia-1.jpg\" \/>\n\t<meta property=\"og:image:width\" content=\"1600\" \/>\n\t<meta property=\"og:image:height\" content=\"900\" \/>\n\t<meta property=\"og:image:type\" content=\"image\/jpeg\" \/>\n<meta name=\"twitter:card\" content=\"summary_large_image\" \/>\n<meta name=\"twitter:site\" content=\"@IdealIschia\" \/>\n<meta name=\"twitter:label1\" content=\"Gesch\u00e4tzte Lesezeit\" \/>\n\t<meta name=\"twitter:data1\" content=\"3\u00a0Minuten\" \/>\n<script type=\"application\/ld+json\" class=\"yoast-schema-graph\">{\"@context\":\"https:\/\/schema.org\",\"@graph\":[{\"@type\":\"WebPage\",\"@id\":\"https:\/\/www.idealhotel.it\/de\/sicherheit\/\",\"url\":\"https:\/\/www.idealhotel.it\/de\/sicherheit\/\",\"name\":\"Die Sicherheitsma\u00dfnahmen f\u00fcr den Sommer 2020 des Ideal Hotels in Ischia\",\"isPartOf\":{\"@id\":\"https:\/\/www.idealhotel.it\/#website\"},\"primaryImageOfPage\":{\"@id\":\"https:\/\/www.idealhotel.it\/de\/sicherheit\/#primaryimage\"},\"image\":{\"@id\":\"https:\/\/www.idealhotel.it\/de\/sicherheit\/#primaryimage\"},\"thumbnailUrl\":\"https:\/\/www.idealhotel.it\/wp-content\/uploads\/2017\/02\/raggiungere-l-hotel-ideal-ad-ischia-1.jpg\",\"datePublished\":\"2017-02-23T13:45:45+00:00\",\"dateModified\":\"2020-06-09T20:58:42+00:00\",\"description\":\"Entdecken Sie die au\u00dfergew\u00f6hnlichen Ma\u00dfnahmen, die in die geltenden Gesundheitsvorschriften integriert sind, f\u00fcr einen erholsamen und sicheren Urlaub\",\"breadcrumb\":{\"@id\":\"https:\/\/www.idealhotel.it\/de\/sicherheit\/#breadcrumb\"},\"inLanguage\":\"de\",\"potentialAction\":[{\"@type\":\"ReadAction\",\"target\":[\"https:\/\/www.idealhotel.it\/de\/sicherheit\/\"]}]},{\"@type\":\"ImageObject\",\"inLanguage\":\"de\",\"@id\":\"https:\/\/www.idealhotel.it\/de\/sicherheit\/#primaryimage\",\"url\":\"https:\/\/www.idealhotel.it\/wp-content\/uploads\/2017\/02\/raggiungere-l-hotel-ideal-ad-ischia-1.jpg\",\"contentUrl\":\"https:\/\/www.idealhotel.it\/wp-content\/uploads\/2017\/02\/raggiungere-l-hotel-ideal-ad-ischia-1.jpg\",\"width\":1600,\"height\":900,\"caption\":\"Raggiungere l'Hotel Ideal di Ischia\"},{\"@type\":\"BreadcrumbList\",\"@id\":\"https:\/\/www.idealhotel.it\/de\/sicherheit\/#breadcrumb\",\"itemListElement\":[{\"@type\":\"ListItem\",\"position\":1,\"name\":\"Home\",\"item\":\"https:\/\/www.idealhotel.it\/de\/home-2-2\/\"},{\"@type\":\"ListItem\",\"position\":2,\"name\":\"Sicurezza\"}]},{\"@type\":\"WebSite\",\"@id\":\"https:\/\/www.idealhotel.it\/#website\",\"url\":\"https:\/\/www.idealhotel.it\/\",\"name\":\"Boutique Hotel Ideal\",\"description\":\"hotel sul mare per la tua vacanza ideale a Ischia\",\"potentialAction\":[{\"@type\":\"SearchAction\",\"target\":{\"@type\":\"EntryPoint\",\"urlTemplate\":\"https:\/\/www.idealhotel.it\/?s={search_term_string}\"},\"query-input\":{\"@type\":\"PropertyValueSpecification\",\"valueRequired\":true,\"valueName\":\"search_term_string\"}}],\"inLanguage\":\"de\"}]}<\/script>\n<!-- \/ Yoast SEO Premium plugin. -->","yoast_head_json":{"title":"Die Sicherheitsma\u00dfnahmen f\u00fcr den Sommer 2020 des Ideal Hotels in Ischia","description":"Entdecken Sie die au\u00dfergew\u00f6hnlichen Ma\u00dfnahmen, die in die geltenden Gesundheitsvorschriften integriert sind, f\u00fcr einen erholsamen und sicheren Urlaub","robots":{"index":"index","follow":"follow","max-snippet":"max-snippet:-1","max-image-preview":"max-image-preview:large","max-video-preview":"max-video-preview:-1"},"canonical":"https:\/\/www.idealhotel.it\/de\/sicherheit\/","og_locale":"de_DE","og_type":"article","og_title":"Sicurezza","og_description":"Entdecken Sie die au\u00dfergew\u00f6hnlichen Ma\u00dfnahmen, die in die geltenden Gesundheitsvorschriften integriert sind, f\u00fcr einen erholsamen und sicheren Urlaub","og_url":"https:\/\/www.idealhotel.it\/de\/sicherheit\/","og_site_name":"Boutique Hotel Ideal","article_publisher":"https:\/\/www.facebook.com\/hotelidealischia","article_modified_time":"2020-06-09T20:58:42+00:00","og_image":[{"width":1600,"height":900,"url":"https:\/\/www.idealhotel.it\/wp-content\/uploads\/2017\/02\/raggiungere-l-hotel-ideal-ad-ischia-1.jpg","type":"image\/jpeg"}],"twitter_card":"summary_large_image","twitter_site":"@IdealIschia","twitter_misc":{"Gesch\u00e4tzte Lesezeit":"3\u00a0Minuten"},"schema":{"@context":"https:\/\/schema.org","@graph":[{"@type":"WebPage","@id":"https:\/\/www.idealhotel.it\/de\/sicherheit\/","url":"https:\/\/www.idealhotel.it\/de\/sicherheit\/","name":"Die Sicherheitsma\u00dfnahmen f\u00fcr den Sommer 2020 des Ideal Hotels in Ischia","isPartOf":{"@id":"https:\/\/www.idealhotel.it\/#website"},"primaryImageOfPage":{"@id":"https:\/\/www.idealhotel.it\/de\/sicherheit\/#primaryimage"},"image":{"@id":"https:\/\/www.idealhotel.it\/de\/sicherheit\/#primaryimage"},"thumbnailUrl":"https:\/\/www.idealhotel.it\/wp-content\/uploads\/2017\/02\/raggiungere-l-hotel-ideal-ad-ischia-1.jpg","datePublished":"2017-02-23T13:45:45+00:00","dateModified":"2020-06-09T20:58:42+00:00","description":"Entdecken Sie die au\u00dfergew\u00f6hnlichen Ma\u00dfnahmen, die in die geltenden Gesundheitsvorschriften integriert sind, f\u00fcr einen erholsamen und sicheren Urlaub","breadcrumb":{"@id":"https:\/\/www.idealhotel.it\/de\/sicherheit\/#breadcrumb"},"inLanguage":"de","potentialAction":[{"@type":"ReadAction","target":["https:\/\/www.idealhotel.it\/de\/sicherheit\/"]}]},{"@type":"ImageObject","inLanguage":"de","@id":"https:\/\/www.idealhotel.it\/de\/sicherheit\/#primaryimage","url":"https:\/\/www.idealhotel.it\/wp-content\/uploads\/2017\/02\/raggiungere-l-hotel-ideal-ad-ischia-1.jpg","contentUrl":"https:\/\/www.idealhotel.it\/wp-content\/uploads\/2017\/02\/raggiungere-l-hotel-ideal-ad-ischia-1.jpg","width":1600,"height":900,"caption":"Raggiungere l'Hotel Ideal di Ischia"},{"@type":"BreadcrumbList","@id":"https:\/\/www.idealhotel.it\/de\/sicherheit\/#breadcrumb","itemListElement":[{"@type":"ListItem","position":1,"name":"Home","item":"https:\/\/www.idealhotel.it\/de\/home-2-2\/"},{"@type":"ListItem","position":2,"name":"Sicurezza"}]},{"@type":"WebSite","@id":"https:\/\/www.idealhotel.it\/#website","url":"https:\/\/www.idealhotel.it\/","name":"Boutique Hotel Ideal","description":"hotel sul mare per la tua vacanza ideale a Ischia","potentialAction":[{"@type":"SearchAction","target":{"@type":"EntryPoint","urlTemplate":"https:\/\/www.idealhotel.it\/?s={search_term_string}"},"query-input":{"@type":"PropertyValueSpecification","valueRequired":true,"valueName":"search_term_string"}}],"inLanguage":"de"}]}},"_links":{"self":[{"href":"https:\/\/www.idealhotel.it\/de\/wp-json\/wp\/v2\/pages\/1050","targetHints":{"allow":["GET"]}}],"collection":[{"href":"https:\/\/www.idealhotel.it\/de\/wp-json\/wp\/v2\/pages"}],"about":[{"href":"https:\/\/www.idealhotel.it\/de\/wp-json\/wp\/v2\/types\/page"}],"author":[{"embeddable":true,"href":"https:\/\/www.idealhotel.it\/de\/wp-json\/wp\/v2\/users\/2"}],"replies":[{"embeddable":true,"href":"https:\/\/www.idealhotel.it\/de\/wp-json\/wp\/v2\/comments?post=1050"}],"version-history":[{"count":2,"href":"https:\/\/www.idealhotel.it\/de\/wp-json\/wp\/v2\/pages\/1050\/revisions"}],"predecessor-version":[{"id":1052,"href":"https:\/\/www.idealhotel.it\/de\/wp-json\/wp\/v2\/pages\/1050\/revisions\/1052"}],"wp:featuredmedia":[{"embeddable":true,"href":"https:\/\/www.idealhotel.it\/de\/wp-json\/wp\/v2\/media\/1009"}],"wp:attachment":[{"href":"https:\/\/www.idealhotel.it\/de\/wp-json\/wp\/v2\/media?parent=1050"}],"curies":[{"name":"wp","href":"https:\/\/api.w.org\/{rel}","templated":true}]}}